{"id":47071,"date":"2019-02-21T14:36:46","date_gmt":"2019-02-21T11:36:46","guid":{"rendered":"https:\/\/ramrolf.eu\/product\/new-product-2\/"},"modified":"2019-02-21T14:38:00","modified_gmt":"2019-02-21T11:38:00","slug":"mape-ar-atsperu-atrsuveju-basic-a4-sarkana","status":"publish","type":"product","link":"https:\/\/ramrolf.lv\/ru\/product\/mape-ar-atsperu-atrsuveju-basic-a4-sarkana\/","title":{"rendered":"Mape ar atsperu \u0101tr\u0161uv\u0113ju BASIC, A4, sarkana"},"content":{"rendered":"","protected":false},"excerpt":{"rendered":"","protected":false},"featured_media":47072,"template":"","meta":[],"product_cat":[485],"product_tag":[],"_links":{"self":[{"href":"https:\/\/ramrolf.lv\/ru\/wp-json\/wp\/v2\/product\/47071"}],"collection":[{"href":"https:\/\/ramrolf.lv\/ru\/wp-json\/wp\/v2\/product"}],"about":[{"href":"https:\/\/ramrolf.lv\/ru\/wp-json\/wp\/v2\/types\/product"}],"wp:featuredmedia":[{"embeddable":true,"href":"https:\/\/ramrolf.lv\/ru\/wp-json\/wp\/v2\/media\/47072"}],"wp:attachment":[{"href":"https:\/\/ramrolf.lv\/ru\/wp-json\/wp\/v2\/media?parent=47071"}],"wp:term":[{"taxonomy":"product_cat","embeddable":true,"href":"https:\/\/ramrolf.lv\/ru\/wp-json\/wp\/v2\/product_cat?post=47071"},{"taxonomy":"product_tag","embeddable":true,"href":"https:\/\/ramrolf.lv\/ru\/wp-json\/wp\/v2\/product_tag?post=47071"}],"curies":[{"name":"wp","href":"https:\/\/api.w.org\/{rel}","templated":true}]}}