{"id":47082,"date":"2019-02-22T10:57:43","date_gmt":"2019-02-22T07:57:43","guid":{"rendered":"https:\/\/ramrolf.eu\/product\/new-product-3\/"},"modified":"2019-02-22T10:59:38","modified_gmt":"2019-02-22T07:59:38","slug":"kancelejas-nazis-9mm","status":"publish","type":"product","link":"https:\/\/ramrolf.lv\/ru\/product\/kancelejas-nazis-9mm\/","title":{"rendered":"Kancelejas nazis 9mm"},"content":{"rendered":"","protected":false},"excerpt":{"rendered":"<p>Portat\u012bvs nazis ar izb\u012bd\u0101mu t\u0113rauda asmeni. Plastmasas klipsis. Main\u0101mi asme\u0146i \u2013 9 mm. Kr\u0101sa: za\u013ca.<\/p>\n","protected":false},"featured_media":47083,"template":"","meta":[],"product_cat":[499],"product_tag":[],"_links":{"self":[{"href":"https:\/\/ramrolf.lv\/ru\/wp-json\/wp\/v2\/product\/47082"}],"collection":[{"href":"https:\/\/ramrolf.lv\/ru\/wp-json\/wp\/v2\/product"}],"about":[{"href":"https:\/\/ramrolf.lv\/ru\/wp-json\/wp\/v2\/types\/product"}],"wp:featuredmedia":[{"embeddable":true,"href":"https:\/\/ramrolf.lv\/ru\/wp-json\/wp\/v2\/media\/47083"}],"wp:attachment":[{"href":"https:\/\/ramrolf.lv\/ru\/wp-json\/wp\/v2\/media?parent=47082"}],"wp:term":[{"taxonomy":"product_cat","embeddable":true,"href":"https:\/\/ramrolf.lv\/ru\/wp-json\/wp\/v2\/product_cat?post=47082"},{"taxonomy":"product_tag","embeddable":true,"href":"https:\/\/ramrolf.lv\/ru\/wp-json\/wp\/v2\/product_tag?post=47082"}],"curies":[{"name":"wp","href":"https:\/\/api.w.org\/{rel}","templated":true}]}}