{"id":47085,"date":"2019-02-22T12:33:55","date_gmt":"2019-02-22T09:33:55","guid":{"rendered":"https:\/\/ramrolf.eu\/product\/new-product-3\/"},"modified":"2019-02-22T12:38:37","modified_gmt":"2019-02-22T09:38:37","slug":"kancelejas-nazis-18mm","status":"publish","type":"product","link":"https:\/\/ramrolf.lv\/ru\/product\/kancelejas-nazis-18mm\/","title":{"rendered":"Kancelejas nazis 18mm"},"content":{"rendered":"","protected":false},"excerpt":{"rendered":"<p>Univers\u0101ls nazis ar izb\u012bd\u0101mu asmeni. Main\u0101ms asmenis 18 mm <\/p>\n","protected":false},"featured_media":47086,"template":"","meta":[],"product_cat":[499],"product_tag":[],"_links":{"self":[{"href":"https:\/\/ramrolf.lv\/ru\/wp-json\/wp\/v2\/product\/47085"}],"collection":[{"href":"https:\/\/ramrolf.lv\/ru\/wp-json\/wp\/v2\/product"}],"about":[{"href":"https:\/\/ramrolf.lv\/ru\/wp-json\/wp\/v2\/types\/product"}],"wp:featuredmedia":[{"embeddable":true,"href":"https:\/\/ramrolf.lv\/ru\/wp-json\/wp\/v2\/media\/47086"}],"wp:attachment":[{"href":"https:\/\/ramrolf.lv\/ru\/wp-json\/wp\/v2\/media?parent=47085"}],"wp:term":[{"taxonomy":"product_cat","embeddable":true,"href":"https:\/\/ramrolf.lv\/ru\/wp-json\/wp\/v2\/product_cat?post=47085"},{"taxonomy":"product_tag","embeddable":true,"href":"https:\/\/ramrolf.lv\/ru\/wp-json\/wp\/v2\/product_tag?post=47085"}],"curies":[{"name":"wp","href":"https:\/\/api.w.org\/{rel}","templated":true}]}}