{"id":47102,"date":"2019-02-25T15:40:08","date_gmt":"2019-02-25T12:40:08","guid":{"rendered":"https:\/\/ramrolf.eu\/product\/new-product-3\/"},"modified":"2019-02-25T16:03:47","modified_gmt":"2019-02-25T13:03:47","slug":"mape-ar-2-gredzeniem-forpus-a4-sarkana-2","status":"publish","type":"product","link":"https:\/\/ramrolf.lv\/ru\/product\/mape-ar-2-gredzeniem-forpus-a4-sarkana-2\/","title":{"rendered":"Mape ar 2 gredzeniem FORPUS A4, sarkana"},"content":{"rendered":"","protected":false},"excerpt":{"rendered":"<p>\u0112rta, kompakta mape dokumentu glab\u0101\u0161anai un transport\u0113\u0161anai. Izgatavota no kvalitat\u012bvas plastmasas. Form\u0101ts \u04104. Gredzenu meh\u0101nisms.<\/p>\n","protected":false},"featured_media":47101,"template":"","meta":[],"product_cat":[942],"product_tag":[],"_links":{"self":[{"href":"https:\/\/ramrolf.lv\/ru\/wp-json\/wp\/v2\/product\/47102"}],"collection":[{"href":"https:\/\/ramrolf.lv\/ru\/wp-json\/wp\/v2\/product"}],"about":[{"href":"https:\/\/ramrolf.lv\/ru\/wp-json\/wp\/v2\/types\/product"}],"wp:featuredmedia":[{"embeddable":true,"href":"https:\/\/ramrolf.lv\/ru\/wp-json\/wp\/v2\/media\/47101"}],"wp:attachment":[{"href":"https:\/\/ramrolf.lv\/ru\/wp-json\/wp\/v2\/media?parent=47102"}],"wp:term":[{"taxonomy":"product_cat","embeddable":true,"href":"https:\/\/ramrolf.lv\/ru\/wp-json\/wp\/v2\/product_cat?post=47102"},{"taxonomy":"product_tag","embeddable":true,"href":"https:\/\/ramrolf.lv\/ru\/wp-json\/wp\/v2\/product_tag?post=47102"}],"curies":[{"name":"wp","href":"https:\/\/api.w.org\/{rel}","templated":true}]}}