{"id":47131,"date":"2019-02-26T15:03:16","date_gmt":"2019-02-26T12:03:16","guid":{"rendered":"https:\/\/ramrolf.eu\/product\/new-product-4\/"},"modified":"2019-02-26T15:42:48","modified_gmt":"2019-02-26T12:42:48","slug":"mape-ar-spiedpogu-forpus-a4-balta","status":"publish","type":"product","link":"https:\/\/ramrolf.lv\/ru\/product\/mape-ar-spiedpogu-forpus-a4-balta\/","title":{"rendered":"Mape ar spiedpogu FORPUS A4, balta"},"content":{"rendered":"","protected":false},"excerpt":{"rendered":"<p>\u0112rta, ietilp\u012bga mape no iztur\u012bgas, skaistas, puscaursp\u012bd\u012bgas plastmasas. Cie\u0161i aiztais\u0101ma ar spiedpogu. Ietilpst l\u012bdz 150 standarta lap\u0101m.<\/p>\n","protected":false},"featured_media":47140,"template":"","meta":[],"product_cat":[950],"product_tag":[],"_links":{"self":[{"href":"https:\/\/ramrolf.lv\/ru\/wp-json\/wp\/v2\/product\/47131"}],"collection":[{"href":"https:\/\/ramrolf.lv\/ru\/wp-json\/wp\/v2\/product"}],"about":[{"href":"https:\/\/ramrolf.lv\/ru\/wp-json\/wp\/v2\/types\/product"}],"wp:featuredmedia":[{"embeddable":true,"href":"https:\/\/ramrolf.lv\/ru\/wp-json\/wp\/v2\/media\/47140"}],"wp:attachment":[{"href":"https:\/\/ramrolf.lv\/ru\/wp-json\/wp\/v2\/media?parent=47131"}],"wp:term":[{"taxonomy":"product_cat","embeddable":true,"href":"https:\/\/ramrolf.lv\/ru\/wp-json\/wp\/v2\/product_cat?post=47131"},{"taxonomy":"product_tag","embeddable":true,"href":"https:\/\/ramrolf.lv\/ru\/wp-json\/wp\/v2\/product_tag?post=47131"}],"curies":[{"name":"wp","href":"https:\/\/api.w.org\/{rel}","templated":true}]}}