{"id":47136,"date":"2019-02-26T15:20:54","date_gmt":"2019-02-26T12:20:54","guid":{"rendered":"https:\/\/ramrolf.eu\/product\/new-product-4\/"},"modified":"2019-02-26T15:39:50","modified_gmt":"2019-02-26T12:39:50","slug":"mape-aploksne-ar-spiedpogu-barocco-a4-gaisi-zala","status":"publish","type":"product","link":"https:\/\/ramrolf.lv\/ru\/product\/mape-aploksne-ar-spiedpogu-barocco-a4-gaisi-zala\/","title":{"rendered":"Mape-aploksne ar spiedpogu BAROCCO A4, gai\u0161i za\u013ca"},"content":{"rendered":"","protected":false},"excerpt":{"rendered":"<p>180 mic, var ielikt l\u012bdz 80 lap\u0101m. <\/p>\n","protected":false},"featured_media":47138,"template":"","meta":[],"product_cat":[950],"product_tag":[],"_links":{"self":[{"href":"https:\/\/ramrolf.lv\/ru\/wp-json\/wp\/v2\/product\/47136"}],"collection":[{"href":"https:\/\/ramrolf.lv\/ru\/wp-json\/wp\/v2\/product"}],"about":[{"href":"https:\/\/ramrolf.lv\/ru\/wp-json\/wp\/v2\/types\/product"}],"wp:featuredmedia":[{"embeddable":true,"href":"https:\/\/ramrolf.lv\/ru\/wp-json\/wp\/v2\/media\/47138"}],"wp:attachment":[{"href":"https:\/\/ramrolf.lv\/ru\/wp-json\/wp\/v2\/media?parent=47136"}],"wp:term":[{"taxonomy":"product_cat","embeddable":true,"href":"https:\/\/ramrolf.lv\/ru\/wp-json\/wp\/v2\/product_cat?post=47136"},{"taxonomy":"product_tag","embeddable":true,"href":"https:\/\/ramrolf.lv\/ru\/wp-json\/wp\/v2\/product_tag?post=47136"}],"curies":[{"name":"wp","href":"https:\/\/api.w.org\/{rel}","templated":true}]}}