{"id":47150,"date":"2019-02-26T16:20:52","date_gmt":"2019-02-26T13:20:52","guid":{"rendered":"https:\/\/ramrolf.eu\/product\/new-product-4\/"},"modified":"2019-02-26T16:24:16","modified_gmt":"2019-02-26T13:24:16","slug":"mape-kartoteka-forpus-a4-zala","status":"publish","type":"product","link":"https:\/\/ramrolf.lv\/ru\/product\/mape-kartoteka-forpus-a4-zala\/","title":{"rendered":"Mape kartot\u0113ka FORPUS A4, za\u013ca"},"content":{"rendered":"","protected":false},"excerpt":{"rendered":"<p>Form\u0101ts \u04104. 12 nodal\u012bjumi. Ar gumij\u0101m st\u016br\u012b\u0161os. Izgatavota no faktur\u0113tas plastmasas. Komplekt\u0101 kr\u0101saini pap\u012bra indeksi eti\u0137et\u0113m.<\/p>\n","protected":false},"featured_media":46552,"template":"","meta":[],"product_cat":[949],"product_tag":[],"_links":{"self":[{"href":"https:\/\/ramrolf.lv\/ru\/wp-json\/wp\/v2\/product\/47150"}],"collection":[{"href":"https:\/\/ramrolf.lv\/ru\/wp-json\/wp\/v2\/product"}],"about":[{"href":"https:\/\/ramrolf.lv\/ru\/wp-json\/wp\/v2\/types\/product"}],"wp:featuredmedia":[{"embeddable":true,"href":"https:\/\/ramrolf.lv\/ru\/wp-json\/wp\/v2\/media\/46552"}],"wp:attachment":[{"href":"https:\/\/ramrolf.lv\/ru\/wp-json\/wp\/v2\/media?parent=47150"}],"wp:term":[{"taxonomy":"product_cat","embeddable":true,"href":"https:\/\/ramrolf.lv\/ru\/wp-json\/wp\/v2\/product_cat?post=47150"},{"taxonomy":"product_tag","embeddable":true,"href":"https:\/\/ramrolf.lv\/ru\/wp-json\/wp\/v2\/product_tag?post=47150"}],"curies":[{"name":"wp","href":"https:\/\/api.w.org\/{rel}","templated":true}]}}