{"id":47156,"date":"2019-02-26T17:10:37","date_gmt":"2019-02-26T14:10:37","guid":{"rendered":"https:\/\/ramrolf.eu\/product\/new-product-4\/"},"modified":"2019-02-26T17:12:43","modified_gmt":"2019-02-26T14:12:43","slug":"mape-portfelis-forpus-a4-sudraba","status":"publish","type":"product","link":"https:\/\/ramrolf.lv\/ru\/product\/mape-portfelis-forpus-a4-sudraba\/","title":{"rendered":"Mape-portfelis FORPUS A4, sudraba"},"content":{"rendered":"","protected":false},"excerpt":{"rendered":"<p>Kompakts portfelis no faktur\u0113tas plastmasas \u04104 form\u0101ta dokumentiem. Bez iek\u0161\u0113jiem nodal\u012bjumiem. Aiztais\u0101ms ar sl\u0113dzi.<\/p>\n","protected":false},"featured_media":47157,"template":"","meta":[],"product_cat":[952],"product_tag":[],"_links":{"self":[{"href":"https:\/\/ramrolf.lv\/ru\/wp-json\/wp\/v2\/product\/47156"}],"collection":[{"href":"https:\/\/ramrolf.lv\/ru\/wp-json\/wp\/v2\/product"}],"about":[{"href":"https:\/\/ramrolf.lv\/ru\/wp-json\/wp\/v2\/types\/product"}],"wp:featuredmedia":[{"embeddable":true,"href":"https:\/\/ramrolf.lv\/ru\/wp-json\/wp\/v2\/media\/47157"}],"wp:attachment":[{"href":"https:\/\/ramrolf.lv\/ru\/wp-json\/wp\/v2\/media?parent=47156"}],"wp:term":[{"taxonomy":"product_cat","embeddable":true,"href":"https:\/\/ramrolf.lv\/ru\/wp-json\/wp\/v2\/product_cat?post=47156"},{"taxonomy":"product_tag","embeddable":true,"href":"https:\/\/ramrolf.lv\/ru\/wp-json\/wp\/v2\/product_tag?post=47156"}],"curies":[{"name":"wp","href":"https:\/\/api.w.org\/{rel}","templated":true}]}}