{"id":47170,"date":"2019-02-26T17:32:03","date_gmt":"2019-02-26T14:32:03","guid":{"rendered":"https:\/\/ramrolf.eu\/product\/new-product-4\/"},"modified":"2019-02-26T17:33:16","modified_gmt":"2019-02-26T14:33:16","slug":"mape-prospektiem-forpus-80-lap-a4-melna","status":"publish","type":"product","link":"https:\/\/ramrolf.lv\/ru\/product\/mape-prospektiem-forpus-80-lap-a4-melna\/","title":{"rendered":"Mape prospektiem FORPUS 80 lap. A4, melna"},"content":{"rendered":"","protected":false},"excerpt":{"rendered":"<p>Melna plastmasas mape ar caursp\u012bd\u012bg\u0101m kabati\u0146\u0101m prezent\u0101cijas materi\u0101liem. Liela divpus\u0113ja kabata ar eti\u0137eti mar\u0137\u0113jumam.<\/p>\n","protected":false},"featured_media":47165,"template":"","meta":[],"product_cat":[951],"product_tag":[],"_links":{"self":[{"href":"https:\/\/ramrolf.lv\/ru\/wp-json\/wp\/v2\/product\/47170"}],"collection":[{"href":"https:\/\/ramrolf.lv\/ru\/wp-json\/wp\/v2\/product"}],"about":[{"href":"https:\/\/ramrolf.lv\/ru\/wp-json\/wp\/v2\/types\/product"}],"wp:featuredmedia":[{"embeddable":true,"href":"https:\/\/ramrolf.lv\/ru\/wp-json\/wp\/v2\/media\/47165"}],"wp:attachment":[{"href":"https:\/\/ramrolf.lv\/ru\/wp-json\/wp\/v2\/media?parent=47170"}],"wp:term":[{"taxonomy":"product_cat","embeddable":true,"href":"https:\/\/ramrolf.lv\/ru\/wp-json\/wp\/v2\/product_cat?post=47170"},{"taxonomy":"product_tag","embeddable":true,"href":"https:\/\/ramrolf.lv\/ru\/wp-json\/wp\/v2\/product_tag?post=47170"}],"curies":[{"name":"wp","href":"https:\/\/api.w.org\/{rel}","templated":true}]}}