{"id":47171,"date":"2019-02-26T17:33:22","date_gmt":"2019-02-26T14:33:22","guid":{"rendered":"https:\/\/ramrolf.eu\/product\/new-product-4\/"},"modified":"2019-02-26T17:41:29","modified_gmt":"2019-02-26T14:41:29","slug":"mape-prospektiem-forpus-20-lap-a4-zila","status":"publish","type":"product","link":"https:\/\/ramrolf.lv\/ru\/product\/mape-prospektiem-forpus-20-lap-a4-zila\/","title":{"rendered":"Mape prospektiem FORPUS 20 lap. A4 (zila)"},"content":{"rendered":"","protected":false},"excerpt":{"rendered":"<p>Plastmasas mape ar caursp\u012bd\u012bg\u0101m kabati\u0146\u0101m prezent\u0101cijas materi\u0101liem. Liela divpus\u0113ja kabata ar eti\u0137eti mar\u0137\u0113jumam.<\/p>\n","protected":false},"featured_media":47165,"template":"","meta":[],"product_cat":[951],"product_tag":[],"_links":{"self":[{"href":"https:\/\/ramrolf.lv\/ru\/wp-json\/wp\/v2\/product\/47171"}],"collection":[{"href":"https:\/\/ramrolf.lv\/ru\/wp-json\/wp\/v2\/product"}],"about":[{"href":"https:\/\/ramrolf.lv\/ru\/wp-json\/wp\/v2\/types\/product"}],"wp:featuredmedia":[{"embeddable":true,"href":"https:\/\/ramrolf.lv\/ru\/wp-json\/wp\/v2\/media\/47165"}],"wp:attachment":[{"href":"https:\/\/ramrolf.lv\/ru\/wp-json\/wp\/v2\/media?parent=47171"}],"wp:term":[{"taxonomy":"product_cat","embeddable":true,"href":"https:\/\/ramrolf.lv\/ru\/wp-json\/wp\/v2\/product_cat?post=47171"},{"taxonomy":"product_tag","embeddable":true,"href":"https:\/\/ramrolf.lv\/ru\/wp-json\/wp\/v2\/product_tag?post=47171"}],"curies":[{"name":"wp","href":"https:\/\/api.w.org\/{rel}","templated":true}]}}