{"id":47333,"date":"2019-02-26T19:43:42","date_gmt":"2019-02-26T16:43:42","guid":{"rendered":"https:\/\/ramrolf.eu\/product\/new-product-4\/"},"modified":"2019-02-26T19:44:41","modified_gmt":"2019-02-26T16:44:41","slug":"mape-atrsuvejs-ar-perforaciju-a4-235mm-x-310mm-sarkana","status":"publish","type":"product","link":"https:\/\/ramrolf.lv\/ru\/product\/mape-atrsuvejs-ar-perforaciju-a4-235mm-x-310mm-sarkana\/","title":{"rendered":"Mape \u0101tr\u0161uv\u0113js ar perfor\u0101ciju A4, 235mm x 310mm, sarkana"},"content":{"rendered":"","protected":false},"excerpt":{"rendered":"","protected":false},"featured_media":47331,"template":"","meta":[],"product_cat":[946],"product_tag":[],"_links":{"self":[{"href":"https:\/\/ramrolf.lv\/ru\/wp-json\/wp\/v2\/product\/47333"}],"collection":[{"href":"https:\/\/ramrolf.lv\/ru\/wp-json\/wp\/v2\/product"}],"about":[{"href":"https:\/\/ramrolf.lv\/ru\/wp-json\/wp\/v2\/types\/product"}],"wp:featuredmedia":[{"embeddable":true,"href":"https:\/\/ramrolf.lv\/ru\/wp-json\/wp\/v2\/media\/47331"}],"wp:attachment":[{"href":"https:\/\/ramrolf.lv\/ru\/wp-json\/wp\/v2\/media?parent=47333"}],"wp:term":[{"taxonomy":"product_cat","embeddable":true,"href":"https:\/\/ramrolf.lv\/ru\/wp-json\/wp\/v2\/product_cat?post=47333"},{"taxonomy":"product_tag","embeddable":true,"href":"https:\/\/ramrolf.lv\/ru\/wp-json\/wp\/v2\/product_tag?post=47333"}],"curies":[{"name":"wp","href":"https:\/\/api.w.org\/{rel}","templated":true}]}}