{"id":47342,"date":"2019-02-26T19:59:14","date_gmt":"2019-02-26T16:59:14","guid":{"rendered":"https:\/\/ramrolf.eu\/product\/new-product-4\/"},"modified":"2019-02-26T20:01:14","modified_gmt":"2019-02-26T17:01:14","slug":"atrsuveja-mehanismi-34x150-mm-25-gab-melns","status":"publish","type":"product","link":"https:\/\/ramrolf.lv\/ru\/product\/atrsuveja-mehanismi-34x150-mm-25-gab-melns\/","title":{"rendered":"\u0100tr\u0161uv\u0113ja meh\u0101nismi 34&#215;150 mm, 25 gab., melns"},"content":{"rendered":"","protected":false},"excerpt":{"rendered":"<p>Cena par 25 gab. <\/p>\n","protected":false},"featured_media":47337,"template":"","meta":[],"product_cat":[946],"product_tag":[],"_links":{"self":[{"href":"https:\/\/ramrolf.lv\/ru\/wp-json\/wp\/v2\/product\/47342"}],"collection":[{"href":"https:\/\/ramrolf.lv\/ru\/wp-json\/wp\/v2\/product"}],"about":[{"href":"https:\/\/ramrolf.lv\/ru\/wp-json\/wp\/v2\/types\/product"}],"wp:featuredmedia":[{"embeddable":true,"href":"https:\/\/ramrolf.lv\/ru\/wp-json\/wp\/v2\/media\/47337"}],"wp:attachment":[{"href":"https:\/\/ramrolf.lv\/ru\/wp-json\/wp\/v2\/media?parent=47342"}],"wp:term":[{"taxonomy":"product_cat","embeddable":true,"href":"https:\/\/ramrolf.lv\/ru\/wp-json\/wp\/v2\/product_cat?post=47342"},{"taxonomy":"product_tag","embeddable":true,"href":"https:\/\/ramrolf.lv\/ru\/wp-json\/wp\/v2\/product_tag?post=47342"}],"curies":[{"name":"wp","href":"https:\/\/api.w.org\/{rel}","templated":true}]}}