{"id":47343,"date":"2019-02-27T09:58:08","date_gmt":"2019-02-27T06:58:08","guid":{"rendered":"https:\/\/ramrolf.eu\/product\/new-product-4\/"},"modified":"2019-02-27T09:59:45","modified_gmt":"2019-02-27T06:59:45","slug":"mape-atrsuvejs-standard-a4-mateta-zils","status":"publish","type":"product","link":"https:\/\/ramrolf.lv\/ru\/product\/mape-atrsuvejs-standard-a4-mateta-zils\/","title":{"rendered":"Mape \u0101tr\u0161uv\u0113js Standard A4, mat\u0113ta\/zils"},"content":{"rendered":"","protected":false},"excerpt":{"rendered":"","protected":false},"featured_media":47344,"template":"","meta":[],"product_cat":[946],"product_tag":[],"_links":{"self":[{"href":"https:\/\/ramrolf.lv\/ru\/wp-json\/wp\/v2\/product\/47343"}],"collection":[{"href":"https:\/\/ramrolf.lv\/ru\/wp-json\/wp\/v2\/product"}],"about":[{"href":"https:\/\/ramrolf.lv\/ru\/wp-json\/wp\/v2\/types\/product"}],"wp:featuredmedia":[{"embeddable":true,"href":"https:\/\/ramrolf.lv\/ru\/wp-json\/wp\/v2\/media\/47344"}],"wp:attachment":[{"href":"https:\/\/ramrolf.lv\/ru\/wp-json\/wp\/v2\/media?parent=47343"}],"wp:term":[{"taxonomy":"product_cat","embeddable":true,"href":"https:\/\/ramrolf.lv\/ru\/wp-json\/wp\/v2\/product_cat?post=47343"},{"taxonomy":"product_tag","embeddable":true,"href":"https:\/\/ramrolf.lv\/ru\/wp-json\/wp\/v2\/product_tag?post=47343"}],"curies":[{"name":"wp","href":"https:\/\/api.w.org\/{rel}","templated":true}]}}