{"id":47345,"date":"2019-02-27T10:00:07","date_gmt":"2019-02-27T07:00:07","guid":{"rendered":"https:\/\/ramrolf.eu\/product\/new-product-4\/"},"modified":"2019-02-27T10:01:23","modified_gmt":"2019-02-27T07:01:23","slug":"mape-atrsuvejs-standard-a4-mateta-zals","status":"publish","type":"product","link":"https:\/\/ramrolf.lv\/ru\/product\/mape-atrsuvejs-standard-a4-mateta-zals\/","title":{"rendered":"Mape \u0101tr\u0161uv\u0113js Standard A4, mat\u0113ta\/za\u013c\u0161"},"content":{"rendered":"","protected":false},"excerpt":{"rendered":"","protected":false},"featured_media":47344,"template":"","meta":[],"product_cat":[946],"product_tag":[],"_links":{"self":[{"href":"https:\/\/ramrolf.lv\/ru\/wp-json\/wp\/v2\/product\/47345"}],"collection":[{"href":"https:\/\/ramrolf.lv\/ru\/wp-json\/wp\/v2\/product"}],"about":[{"href":"https:\/\/ramrolf.lv\/ru\/wp-json\/wp\/v2\/types\/product"}],"wp:featuredmedia":[{"embeddable":true,"href":"https:\/\/ramrolf.lv\/ru\/wp-json\/wp\/v2\/media\/47344"}],"wp:attachment":[{"href":"https:\/\/ramrolf.lv\/ru\/wp-json\/wp\/v2\/media?parent=47345"}],"wp:term":[{"taxonomy":"product_cat","embeddable":true,"href":"https:\/\/ramrolf.lv\/ru\/wp-json\/wp\/v2\/product_cat?post=47345"},{"taxonomy":"product_tag","embeddable":true,"href":"https:\/\/ramrolf.lv\/ru\/wp-json\/wp\/v2\/product_tag?post=47345"}],"curies":[{"name":"wp","href":"https:\/\/api.w.org\/{rel}","templated":true}]}}