{"id":47352,"date":"2019-02-27T10:51:00","date_gmt":"2019-02-27T07:51:00","guid":{"rendered":"https:\/\/ramrolf.eu\/product\/new-product-4\/"},"modified":"2019-02-27T10:52:19","modified_gmt":"2019-02-27T07:52:19","slug":"mape-sturitis-dokumentiem-forpus-a4-80mkm-mateta-caurspidiga","status":"publish","type":"product","link":"https:\/\/ramrolf.lv\/ru\/product\/mape-sturitis-dokumentiem-forpus-a4-80mkm-mateta-caurspidiga\/","title":{"rendered":"Mape-st\u016br\u012btis dokumentiem FORPUS A4 80mkm mat\u0113ta, caursp\u012bd\u012bga"},"content":{"rendered":"","protected":false},"excerpt":{"rendered":"","protected":false},"featured_media":47351,"template":"","meta":[],"product_cat":[944],"product_tag":[],"_links":{"self":[{"href":"https:\/\/ramrolf.lv\/ru\/wp-json\/wp\/v2\/product\/47352"}],"collection":[{"href":"https:\/\/ramrolf.lv\/ru\/wp-json\/wp\/v2\/product"}],"about":[{"href":"https:\/\/ramrolf.lv\/ru\/wp-json\/wp\/v2\/types\/product"}],"wp:featuredmedia":[{"embeddable":true,"href":"https:\/\/ramrolf.lv\/ru\/wp-json\/wp\/v2\/media\/47351"}],"wp:attachment":[{"href":"https:\/\/ramrolf.lv\/ru\/wp-json\/wp\/v2\/media?parent=47352"}],"wp:term":[{"taxonomy":"product_cat","embeddable":true,"href":"https:\/\/ramrolf.lv\/ru\/wp-json\/wp\/v2\/product_cat?post=47352"},{"taxonomy":"product_tag","embeddable":true,"href":"https:\/\/ramrolf.lv\/ru\/wp-json\/wp\/v2\/product_tag?post=47352"}],"curies":[{"name":"wp","href":"https:\/\/api.w.org\/{rel}","templated":true}]}}