{"id":47353,"date":"2019-02-27T10:52:28","date_gmt":"2019-02-27T07:52:28","guid":{"rendered":"https:\/\/ramrolf.eu\/product\/new-product-4\/"},"modified":"2019-02-27T11:02:11","modified_gmt":"2019-02-27T08:02:11","slug":"mape-sturitis-dokumentiem-forpus-a4-100mkm-mateta-sarkana","status":"publish","type":"product","link":"https:\/\/ramrolf.lv\/ru\/product\/mape-sturitis-dokumentiem-forpus-a4-100mkm-mateta-sarkana\/","title":{"rendered":"Mape-st\u016br\u012btis dokumentiem FORPUS A4 100mkm mat\u0113ta, sarkana"},"content":{"rendered":"","protected":false},"excerpt":{"rendered":"","protected":false},"featured_media":47351,"template":"","meta":[],"product_cat":[944],"product_tag":[],"_links":{"self":[{"href":"https:\/\/ramrolf.lv\/ru\/wp-json\/wp\/v2\/product\/47353"}],"collection":[{"href":"https:\/\/ramrolf.lv\/ru\/wp-json\/wp\/v2\/product"}],"about":[{"href":"https:\/\/ramrolf.lv\/ru\/wp-json\/wp\/v2\/types\/product"}],"wp:featuredmedia":[{"embeddable":true,"href":"https:\/\/ramrolf.lv\/ru\/wp-json\/wp\/v2\/media\/47351"}],"wp:attachment":[{"href":"https:\/\/ramrolf.lv\/ru\/wp-json\/wp\/v2\/media?parent=47353"}],"wp:term":[{"taxonomy":"product_cat","embeddable":true,"href":"https:\/\/ramrolf.lv\/ru\/wp-json\/wp\/v2\/product_cat?post=47353"},{"taxonomy":"product_tag","embeddable":true,"href":"https:\/\/ramrolf.lv\/ru\/wp-json\/wp\/v2\/product_tag?post=47353"}],"curies":[{"name":"wp","href":"https:\/\/api.w.org\/{rel}","templated":true}]}}