{"id":47358,"date":"2019-02-27T11:35:51","date_gmt":"2019-02-27T08:35:51","guid":{"rendered":"https:\/\/ramrolf.eu\/product\/new-product-4\/"},"modified":"2019-02-27T11:37:36","modified_gmt":"2019-02-27T08:37:36","slug":"atrsuvejs-no-kartona-a4-balts","status":"publish","type":"product","link":"https:\/\/ramrolf.lv\/ru\/product\/atrsuvejs-no-kartona-a4-balts\/","title":{"rendered":"\u0100tr\u0161uv\u0113js no kartona A4, balts"},"content":{"rendered":"","protected":false},"excerpt":{"rendered":"<p>\u0100tr\u0161uv\u0113js no kartona A4, kraft, met\u0101la klipsis <\/p>\n","protected":false},"featured_media":47359,"template":"","meta":[],"product_cat":[948],"product_tag":[],"_links":{"self":[{"href":"https:\/\/ramrolf.lv\/ru\/wp-json\/wp\/v2\/product\/47358"}],"collection":[{"href":"https:\/\/ramrolf.lv\/ru\/wp-json\/wp\/v2\/product"}],"about":[{"href":"https:\/\/ramrolf.lv\/ru\/wp-json\/wp\/v2\/types\/product"}],"wp:featuredmedia":[{"embeddable":true,"href":"https:\/\/ramrolf.lv\/ru\/wp-json\/wp\/v2\/media\/47359"}],"wp:attachment":[{"href":"https:\/\/ramrolf.lv\/ru\/wp-json\/wp\/v2\/media?parent=47358"}],"wp:term":[{"taxonomy":"product_cat","embeddable":true,"href":"https:\/\/ramrolf.lv\/ru\/wp-json\/wp\/v2\/product_cat?post=47358"},{"taxonomy":"product_tag","embeddable":true,"href":"https:\/\/ramrolf.lv\/ru\/wp-json\/wp\/v2\/product_tag?post=47358"}],"curies":[{"name":"wp","href":"https:\/\/api.w.org\/{rel}","templated":true}]}}