{"id":47373,"date":"2019-02-27T12:52:34","date_gmt":"2019-02-27T09:52:34","guid":{"rendered":"https:\/\/ramrolf.eu\/product\/new-product-4\/"},"modified":"2019-02-27T12:53:55","modified_gmt":"2019-02-27T09:53:55","slug":"zimulu-asinamais-asorti-krasas","status":"publish","type":"product","link":"https:\/\/ramrolf.lv\/ru\/product\/zimulu-asinamais-asorti-krasas\/","title":{"rendered":"Z\u012bmu\u013cu asin\u0101mais, asorti kr\u0101sas"},"content":{"rendered":"","protected":false},"excerpt":{"rendered":"<p>Kvalitat\u012bvs t\u0113rauda asmenis. Plastmasas korpuss. Standarta izm\u0113ra z\u012bmu\u013ciem.<\/p>\n","protected":false},"featured_media":47374,"template":"","meta":[],"product_cat":[893],"product_tag":[],"_links":{"self":[{"href":"https:\/\/ramrolf.lv\/ru\/wp-json\/wp\/v2\/product\/47373"}],"collection":[{"href":"https:\/\/ramrolf.lv\/ru\/wp-json\/wp\/v2\/product"}],"about":[{"href":"https:\/\/ramrolf.lv\/ru\/wp-json\/wp\/v2\/types\/product"}],"wp:featuredmedia":[{"embeddable":true,"href":"https:\/\/ramrolf.lv\/ru\/wp-json\/wp\/v2\/media\/47374"}],"wp:attachment":[{"href":"https:\/\/ramrolf.lv\/ru\/wp-json\/wp\/v2\/media?parent=47373"}],"wp:term":[{"taxonomy":"product_cat","embeddable":true,"href":"https:\/\/ramrolf.lv\/ru\/wp-json\/wp\/v2\/product_cat?post=47373"},{"taxonomy":"product_tag","embeddable":true,"href":"https:\/\/ramrolf.lv\/ru\/wp-json\/wp\/v2\/product_tag?post=47373"}],"curies":[{"name":"wp","href":"https:\/\/api.w.org\/{rel}","templated":true}]}}