{"id":47375,"date":"2019-02-27T17:21:01","date_gmt":"2019-02-27T14:21:01","guid":{"rendered":"https:\/\/ramrolf.eu\/product\/new-product-4\/"},"modified":"2019-02-27T17:22:10","modified_gmt":"2019-02-27T14:22:10","slug":"zimulu-asinamais-ar-konteineru-assorti-krasas","status":"publish","type":"product","link":"https:\/\/ramrolf.lv\/ru\/product\/zimulu-asinamais-ar-konteineru-assorti-krasas\/","title":{"rendered":"Z\u012bmu\u013cu asin\u0101mais ar konteineru, assorti kr\u0101sas"},"content":{"rendered":"","protected":false},"excerpt":{"rendered":"","protected":false},"featured_media":47376,"template":"","meta":[],"product_cat":[893],"product_tag":[],"_links":{"self":[{"href":"https:\/\/ramrolf.lv\/ru\/wp-json\/wp\/v2\/product\/47375"}],"collection":[{"href":"https:\/\/ramrolf.lv\/ru\/wp-json\/wp\/v2\/product"}],"about":[{"href":"https:\/\/ramrolf.lv\/ru\/wp-json\/wp\/v2\/types\/product"}],"wp:featuredmedia":[{"embeddable":true,"href":"https:\/\/ramrolf.lv\/ru\/wp-json\/wp\/v2\/media\/47376"}],"wp:attachment":[{"href":"https:\/\/ramrolf.lv\/ru\/wp-json\/wp\/v2\/media?parent=47375"}],"wp:term":[{"taxonomy":"product_cat","embeddable":true,"href":"https:\/\/ramrolf.lv\/ru\/wp-json\/wp\/v2\/product_cat?post=47375"},{"taxonomy":"product_tag","embeddable":true,"href":"https:\/\/ramrolf.lv\/ru\/wp-json\/wp\/v2\/product_tag?post=47375"}],"curies":[{"name":"wp","href":"https:\/\/api.w.org\/{rel}","templated":true}]}}