{"id":47381,"date":"2019-02-27T17:25:57","date_gmt":"2019-02-27T14:25:57","guid":{"rendered":"https:\/\/ramrolf.eu\/product\/new-product-4\/"},"modified":"2019-02-27T17:27:07","modified_gmt":"2019-02-27T14:27:07","slug":"zimulu-asinamais-ar-konteineru","status":"publish","type":"product","link":"https:\/\/ramrolf.lv\/ru\/product\/zimulu-asinamais-ar-konteineru\/","title":{"rendered":"Z\u012bmu\u013cu asin\u0101mais ar konteineru"},"content":{"rendered":"","protected":false},"excerpt":{"rendered":"<p>v\u0101ci\u0146\u0161 skr\u016bv\u0113jams, korpuss caursp\u012bd\u012bgi zils, 2 veida z\u012bmu\u013ciem asin\u0101mais. <\/p>\n","protected":false},"featured_media":47382,"template":"","meta":[],"product_cat":[893],"product_tag":[],"_links":{"self":[{"href":"https:\/\/ramrolf.lv\/ru\/wp-json\/wp\/v2\/product\/47381"}],"collection":[{"href":"https:\/\/ramrolf.lv\/ru\/wp-json\/wp\/v2\/product"}],"about":[{"href":"https:\/\/ramrolf.lv\/ru\/wp-json\/wp\/v2\/types\/product"}],"wp:featuredmedia":[{"embeddable":true,"href":"https:\/\/ramrolf.lv\/ru\/wp-json\/wp\/v2\/media\/47382"}],"wp:attachment":[{"href":"https:\/\/ramrolf.lv\/ru\/wp-json\/wp\/v2\/media?parent=47381"}],"wp:term":[{"taxonomy":"product_cat","embeddable":true,"href":"https:\/\/ramrolf.lv\/ru\/wp-json\/wp\/v2\/product_cat?post=47381"},{"taxonomy":"product_tag","embeddable":true,"href":"https:\/\/ramrolf.lv\/ru\/wp-json\/wp\/v2\/product_tag?post=47381"}],"curies":[{"name":"wp","href":"https:\/\/api.w.org\/{rel}","templated":true}]}}