{"id":47389,"date":"2019-02-27T17:43:28","date_gmt":"2019-02-27T14:43:28","guid":{"rendered":"https:\/\/ramrolf.eu\/product\/new-product-4\/"},"modified":"2019-02-27T17:44:31","modified_gmt":"2019-02-27T14:44:31","slug":"teksta-markieris-redactor-roza","status":"publish","type":"product","link":"https:\/\/ramrolf.lv\/ru\/product\/teksta-markieris-redactor-roza\/","title":{"rendered":"Teksta mar\u0137ieris REDACTOR, roz\u0101"},"content":{"rendered":"","protected":false},"excerpt":{"rendered":"<p>Teksta mar\u0137ieris, kas apliecin\u0101jis savu kvalit\u0101ti. Sl\u012bpais serdenis dod iesp\u0113ju vilkt 2 l\u012bdz 5 mm l\u012bnijas. Izmantojams visiem pap\u012bra veidiem. Pla\u0161a kr\u0101su gamma.<\/p>\n","protected":false},"featured_media":47386,"template":"","meta":[],"product_cat":[973],"product_tag":[],"_links":{"self":[{"href":"https:\/\/ramrolf.lv\/ru\/wp-json\/wp\/v2\/product\/47389"}],"collection":[{"href":"https:\/\/ramrolf.lv\/ru\/wp-json\/wp\/v2\/product"}],"about":[{"href":"https:\/\/ramrolf.lv\/ru\/wp-json\/wp\/v2\/types\/product"}],"wp:featuredmedia":[{"embeddable":true,"href":"https:\/\/ramrolf.lv\/ru\/wp-json\/wp\/v2\/media\/47386"}],"wp:attachment":[{"href":"https:\/\/ramrolf.lv\/ru\/wp-json\/wp\/v2\/media?parent=47389"}],"wp:term":[{"taxonomy":"product_cat","embeddable":true,"href":"https:\/\/ramrolf.lv\/ru\/wp-json\/wp\/v2\/product_cat?post=47389"},{"taxonomy":"product_tag","embeddable":true,"href":"https:\/\/ramrolf.lv\/ru\/wp-json\/wp\/v2\/product_tag?post=47389"}],"curies":[{"name":"wp","href":"https:\/\/api.w.org\/{rel}","templated":true}]}}