{"id":47406,"date":"2019-02-27T18:19:13","date_gmt":"2019-02-27T15:19:13","guid":{"rendered":"https:\/\/ramrolf.eu\/product\/new-product-4\/"},"modified":"2019-02-27T18:21:39","modified_gmt":"2019-02-27T15:21:39","slug":"teksta-markieris-platinum-oranzs","status":"publish","type":"product","link":"https:\/\/ramrolf.lv\/ru\/product\/teksta-markieris-platinum-oranzs\/","title":{"rendered":"Teksta mar\u0137ieris PLATINUM oran\u017es"},"content":{"rendered":"","protected":false},"excerpt":{"rendered":"<p>ra\u017eots Sp\u0101nij\u0101 <\/p>\n","protected":false},"featured_media":47404,"template":"","meta":[],"product_cat":[973],"product_tag":[],"_links":{"self":[{"href":"https:\/\/ramrolf.lv\/ru\/wp-json\/wp\/v2\/product\/47406"}],"collection":[{"href":"https:\/\/ramrolf.lv\/ru\/wp-json\/wp\/v2\/product"}],"about":[{"href":"https:\/\/ramrolf.lv\/ru\/wp-json\/wp\/v2\/types\/product"}],"wp:featuredmedia":[{"embeddable":true,"href":"https:\/\/ramrolf.lv\/ru\/wp-json\/wp\/v2\/media\/47404"}],"wp:attachment":[{"href":"https:\/\/ramrolf.lv\/ru\/wp-json\/wp\/v2\/media?parent=47406"}],"wp:term":[{"taxonomy":"product_cat","embeddable":true,"href":"https:\/\/ramrolf.lv\/ru\/wp-json\/wp\/v2\/product_cat?post=47406"},{"taxonomy":"product_tag","embeddable":true,"href":"https:\/\/ramrolf.lv\/ru\/wp-json\/wp\/v2\/product_tag?post=47406"}],"curies":[{"name":"wp","href":"https:\/\/api.w.org\/{rel}","templated":true}]}}