{"id":47407,"date":"2019-02-27T18:24:17","date_gmt":"2019-02-27T15:24:17","guid":{"rendered":"https:\/\/ramrolf.eu\/product\/new-product-4\/"},"modified":"2019-02-27T18:25:12","modified_gmt":"2019-02-27T15:25:12","slug":"teksta-markieris-platinum-dzeltens","status":"publish","type":"product","link":"https:\/\/ramrolf.lv\/ru\/product\/teksta-markieris-platinum-dzeltens\/","title":{"rendered":"Teksta mar\u0137ieris PLATINUM dzeltens"},"content":{"rendered":"","protected":false},"excerpt":{"rendered":"<p>ra\u017eots Sp\u0101nij\u0101 <\/p>\n","protected":false},"featured_media":47404,"template":"","meta":[],"product_cat":[973],"product_tag":[],"_links":{"self":[{"href":"https:\/\/ramrolf.lv\/ru\/wp-json\/wp\/v2\/product\/47407"}],"collection":[{"href":"https:\/\/ramrolf.lv\/ru\/wp-json\/wp\/v2\/product"}],"about":[{"href":"https:\/\/ramrolf.lv\/ru\/wp-json\/wp\/v2\/types\/product"}],"wp:featuredmedia":[{"embeddable":true,"href":"https:\/\/ramrolf.lv\/ru\/wp-json\/wp\/v2\/media\/47404"}],"wp:attachment":[{"href":"https:\/\/ramrolf.lv\/ru\/wp-json\/wp\/v2\/media?parent=47407"}],"wp:term":[{"taxonomy":"product_cat","embeddable":true,"href":"https:\/\/ramrolf.lv\/ru\/wp-json\/wp\/v2\/product_cat?post=47407"},{"taxonomy":"product_tag","embeddable":true,"href":"https:\/\/ramrolf.lv\/ru\/wp-json\/wp\/v2\/product_tag?post=47407"}],"curies":[{"name":"wp","href":"https:\/\/api.w.org\/{rel}","templated":true}]}}