{"id":47414,"date":"2019-02-27T18:34:51","date_gmt":"2019-02-27T15:34:51","guid":{"rendered":"https:\/\/ramrolf.eu\/product\/new-product-4\/"},"modified":"2019-02-27T18:36:07","modified_gmt":"2019-02-27T15:36:07","slug":"tafelu-markieru-komplekts-4-krasas","status":"publish","type":"product","link":"https:\/\/ramrolf.lv\/ru\/product\/tafelu-markieru-komplekts-4-krasas\/","title":{"rendered":"T\u0101fe\u013cu mar\u0137ieru komplekts, 4 kr\u0101sas."},"content":{"rendered":"","protected":false},"excerpt":{"rendered":"<p>Mar\u0137ieri baltaj\u0101m t\u0101fel\u0113m, 4 kr\u0101sas(zila, za\u013ca, sarkana, melna), iepakots kartona blister\u012b, var rakst\u012bt uz pap\u012bra. Nav toksisks. <\/p>\n","protected":false},"featured_media":47409,"template":"","meta":[],"product_cat":[973],"product_tag":[],"_links":{"self":[{"href":"https:\/\/ramrolf.lv\/ru\/wp-json\/wp\/v2\/product\/47414"}],"collection":[{"href":"https:\/\/ramrolf.lv\/ru\/wp-json\/wp\/v2\/product"}],"about":[{"href":"https:\/\/ramrolf.lv\/ru\/wp-json\/wp\/v2\/types\/product"}],"wp:featuredmedia":[{"embeddable":true,"href":"https:\/\/ramrolf.lv\/ru\/wp-json\/wp\/v2\/media\/47409"}],"wp:attachment":[{"href":"https:\/\/ramrolf.lv\/ru\/wp-json\/wp\/v2\/media?parent=47414"}],"wp:term":[{"taxonomy":"product_cat","embeddable":true,"href":"https:\/\/ramrolf.lv\/ru\/wp-json\/wp\/v2\/product_cat?post=47414"},{"taxonomy":"product_tag","embeddable":true,"href":"https:\/\/ramrolf.lv\/ru\/wp-json\/wp\/v2\/product_tag?post=47414"}],"curies":[{"name":"wp","href":"https:\/\/api.w.org\/{rel}","templated":true}]}}