{"id":47415,"date":"2019-02-27T18:36:46","date_gmt":"2019-02-27T15:36:46","guid":{"rendered":"https:\/\/ramrolf.eu\/product\/new-product-4\/"},"modified":"2019-02-27T18:37:58","modified_gmt":"2019-02-27T15:37:58","slug":"tafelu-markieris-tactic-zals","status":"publish","type":"product","link":"https:\/\/ramrolf.lv\/ru\/product\/tafelu-markieris-tactic-zals\/","title":{"rendered":"T\u0101fe\u013cu mar\u0137ieris TACTIC, za\u013c\u0161"},"content":{"rendered":"","protected":false},"excerpt":{"rendered":"","protected":false},"featured_media":47416,"template":"","meta":[],"product_cat":[973],"product_tag":[],"_links":{"self":[{"href":"https:\/\/ramrolf.lv\/ru\/wp-json\/wp\/v2\/product\/47415"}],"collection":[{"href":"https:\/\/ramrolf.lv\/ru\/wp-json\/wp\/v2\/product"}],"about":[{"href":"https:\/\/ramrolf.lv\/ru\/wp-json\/wp\/v2\/types\/product"}],"wp:featuredmedia":[{"embeddable":true,"href":"https:\/\/ramrolf.lv\/ru\/wp-json\/wp\/v2\/media\/47416"}],"wp:attachment":[{"href":"https:\/\/ramrolf.lv\/ru\/wp-json\/wp\/v2\/media?parent=47415"}],"wp:term":[{"taxonomy":"product_cat","embeddable":true,"href":"https:\/\/ramrolf.lv\/ru\/wp-json\/wp\/v2\/product_cat?post=47415"},{"taxonomy":"product_tag","embeddable":true,"href":"https:\/\/ramrolf.lv\/ru\/wp-json\/wp\/v2\/product_tag?post=47415"}],"curies":[{"name":"wp","href":"https:\/\/api.w.org\/{rel}","templated":true}]}}