{"id":47419,"date":"2019-02-28T11:57:24","date_gmt":"2019-02-28T08:57:24","guid":{"rendered":"https:\/\/ramrolf.eu\/product\/new-product-4\/"},"modified":"2019-02-28T11:58:41","modified_gmt":"2019-02-28T08:58:41","slug":"tafelu-markieris-tactic-sarkans","status":"publish","type":"product","link":"https:\/\/ramrolf.lv\/ru\/product\/tafelu-markieris-tactic-sarkans\/","title":{"rendered":"T\u0101fe\u013cu mar\u0137ieris TACTIC, sarkans"},"content":{"rendered":"","protected":false},"excerpt":{"rendered":"","protected":false},"featured_media":47416,"template":"","meta":[],"product_cat":[973],"product_tag":[],"_links":{"self":[{"href":"https:\/\/ramrolf.lv\/ru\/wp-json\/wp\/v2\/product\/47419"}],"collection":[{"href":"https:\/\/ramrolf.lv\/ru\/wp-json\/wp\/v2\/product"}],"about":[{"href":"https:\/\/ramrolf.lv\/ru\/wp-json\/wp\/v2\/types\/product"}],"wp:featuredmedia":[{"embeddable":true,"href":"https:\/\/ramrolf.lv\/ru\/wp-json\/wp\/v2\/media\/47416"}],"wp:attachment":[{"href":"https:\/\/ramrolf.lv\/ru\/wp-json\/wp\/v2\/media?parent=47419"}],"wp:term":[{"taxonomy":"product_cat","embeddable":true,"href":"https:\/\/ramrolf.lv\/ru\/wp-json\/wp\/v2\/product_cat?post=47419"},{"taxonomy":"product_tag","embeddable":true,"href":"https:\/\/ramrolf.lv\/ru\/wp-json\/wp\/v2\/product_tag?post=47419"}],"curies":[{"name":"wp","href":"https:\/\/api.w.org\/{rel}","templated":true}]}}