{"id":47421,"date":"2019-02-28T11:59:52","date_gmt":"2019-02-28T08:59:52","guid":{"rendered":"https:\/\/ramrolf.eu\/product\/new-product-4\/"},"modified":"2019-02-28T12:00:40","modified_gmt":"2019-02-28T09:00:40","slug":"tafelu-markieris-tactic-melns","status":"publish","type":"product","link":"https:\/\/ramrolf.lv\/ru\/product\/tafelu-markieris-tactic-melns\/","title":{"rendered":"T\u0101fe\u013cu mar\u0137ieris TACTIC, melns"},"content":{"rendered":"","protected":false},"excerpt":{"rendered":"","protected":false},"featured_media":47416,"template":"","meta":[],"product_cat":[973],"product_tag":[],"_links":{"self":[{"href":"https:\/\/ramrolf.lv\/ru\/wp-json\/wp\/v2\/product\/47421"}],"collection":[{"href":"https:\/\/ramrolf.lv\/ru\/wp-json\/wp\/v2\/product"}],"about":[{"href":"https:\/\/ramrolf.lv\/ru\/wp-json\/wp\/v2\/types\/product"}],"wp:featuredmedia":[{"embeddable":true,"href":"https:\/\/ramrolf.lv\/ru\/wp-json\/wp\/v2\/media\/47416"}],"wp:attachment":[{"href":"https:\/\/ramrolf.lv\/ru\/wp-json\/wp\/v2\/media?parent=47421"}],"wp:term":[{"taxonomy":"product_cat","embeddable":true,"href":"https:\/\/ramrolf.lv\/ru\/wp-json\/wp\/v2\/product_cat?post=47421"},{"taxonomy":"product_tag","embeddable":true,"href":"https:\/\/ramrolf.lv\/ru\/wp-json\/wp\/v2\/product_tag?post=47421"}],"curies":[{"name":"wp","href":"https:\/\/api.w.org\/{rel}","templated":true}]}}