{"id":47426,"date":"2019-02-28T12:46:37","date_gmt":"2019-02-28T09:46:37","guid":{"rendered":"https:\/\/ramrolf.eu\/product\/new-product-4\/"},"modified":"2019-02-28T12:47:38","modified_gmt":"2019-02-28T09:47:38","slug":"permanentais-markieris-konisks-sarkans","status":"publish","type":"product","link":"https:\/\/ramrolf.lv\/ru\/product\/permanentais-markieris-konisks-sarkans\/","title":{"rendered":"Permanentais mar\u0137ieris konisks, sarkans"},"content":{"rendered":"","protected":false},"excerpt":{"rendered":"<p>Univers\u0101lais mar\u0137ieris, izmantojams da\u017e\u0101d\u0101m virsm\u0101m. L\u012bnijas biezums no 1 l\u012bdz 5 mm. Nav toksisks.<\/p>\n","protected":false},"featured_media":47423,"template":"","meta":[],"product_cat":[973],"product_tag":[],"_links":{"self":[{"href":"https:\/\/ramrolf.lv\/ru\/wp-json\/wp\/v2\/product\/47426"}],"collection":[{"href":"https:\/\/ramrolf.lv\/ru\/wp-json\/wp\/v2\/product"}],"about":[{"href":"https:\/\/ramrolf.lv\/ru\/wp-json\/wp\/v2\/types\/product"}],"wp:featuredmedia":[{"embeddable":true,"href":"https:\/\/ramrolf.lv\/ru\/wp-json\/wp\/v2\/media\/47423"}],"wp:attachment":[{"href":"https:\/\/ramrolf.lv\/ru\/wp-json\/wp\/v2\/media?parent=47426"}],"wp:term":[{"taxonomy":"product_cat","embeddable":true,"href":"https:\/\/ramrolf.lv\/ru\/wp-json\/wp\/v2\/product_cat?post=47426"},{"taxonomy":"product_tag","embeddable":true,"href":"https:\/\/ramrolf.lv\/ru\/wp-json\/wp\/v2\/product_tag?post=47426"}],"curies":[{"name":"wp","href":"https:\/\/api.w.org\/{rel}","templated":true}]}}