{"id":47440,"date":"2019-02-28T13:59:46","date_gmt":"2019-02-28T10:59:46","guid":{"rendered":"https:\/\/ramrolf.eu\/product\/new-product-4\/"},"modified":"2019-02-28T14:01:50","modified_gmt":"2019-02-28T11:01:50","slug":"piespraudes-zeltitas","status":"publish","type":"product","link":"https:\/\/ramrolf.lv\/ru\/product\/piespraudes-zeltitas\/","title":{"rendered":"Piespraudes (zelt\u012btas)"},"content":{"rendered":"","protected":false},"excerpt":{"rendered":"<p>Galvi\u0146as diametrs 9,5 mm. Iepakojum\u0101 100 gab.<\/p>\n","protected":false},"featured_media":47441,"template":"","meta":[],"product_cat":[961],"product_tag":[],"_links":{"self":[{"href":"https:\/\/ramrolf.lv\/ru\/wp-json\/wp\/v2\/product\/47440"}],"collection":[{"href":"https:\/\/ramrolf.lv\/ru\/wp-json\/wp\/v2\/product"}],"about":[{"href":"https:\/\/ramrolf.lv\/ru\/wp-json\/wp\/v2\/types\/product"}],"wp:featuredmedia":[{"embeddable":true,"href":"https:\/\/ramrolf.lv\/ru\/wp-json\/wp\/v2\/media\/47441"}],"wp:attachment":[{"href":"https:\/\/ramrolf.lv\/ru\/wp-json\/wp\/v2\/media?parent=47440"}],"wp:term":[{"taxonomy":"product_cat","embeddable":true,"href":"https:\/\/ramrolf.lv\/ru\/wp-json\/wp\/v2\/product_cat?post=47440"},{"taxonomy":"product_tag","embeddable":true,"href":"https:\/\/ramrolf.lv\/ru\/wp-json\/wp\/v2\/product_tag?post=47440"}],"curies":[{"name":"wp","href":"https:\/\/api.w.org\/{rel}","templated":true}]}}