{"id":47459,"date":"2019-02-28T15:20:31","date_gmt":"2019-02-28T12:20:31","guid":{"rendered":"https:\/\/ramrolf.eu\/product\/new-product-4\/"},"modified":"2019-02-28T15:55:25","modified_gmt":"2019-02-28T12:55:25","slug":"saspraudes-50mm-100gab-vilnotas","status":"publish","type":"product","link":"https:\/\/ramrolf.lv\/ru\/product\/saspraudes-50mm-100gab-vilnotas\/","title":{"rendered":"Saspraudes 50mm (100gab) vi\u013cnotas"},"content":{"rendered":"","protected":false},"excerpt":{"rendered":"<p>No augstas kvalit\u0101tes t\u0113rauda. <\/p>\n","protected":false},"featured_media":47454,"template":"","meta":[],"product_cat":[960],"product_tag":[],"_links":{"self":[{"href":"https:\/\/ramrolf.lv\/ru\/wp-json\/wp\/v2\/product\/47459"}],"collection":[{"href":"https:\/\/ramrolf.lv\/ru\/wp-json\/wp\/v2\/product"}],"about":[{"href":"https:\/\/ramrolf.lv\/ru\/wp-json\/wp\/v2\/types\/product"}],"wp:featuredmedia":[{"embeddable":true,"href":"https:\/\/ramrolf.lv\/ru\/wp-json\/wp\/v2\/media\/47454"}],"wp:attachment":[{"href":"https:\/\/ramrolf.lv\/ru\/wp-json\/wp\/v2\/media?parent=47459"}],"wp:term":[{"taxonomy":"product_cat","embeddable":true,"href":"https:\/\/ramrolf.lv\/ru\/wp-json\/wp\/v2\/product_cat?post=47459"},{"taxonomy":"product_tag","embeddable":true,"href":"https:\/\/ramrolf.lv\/ru\/wp-json\/wp\/v2\/product_tag?post=47459"}],"curies":[{"name":"wp","href":"https:\/\/api.w.org\/{rel}","templated":true}]}}