{"id":47461,"date":"2019-02-28T15:25:03","date_gmt":"2019-02-28T12:25:03","guid":{"rendered":"https:\/\/ramrolf.eu\/product\/new-product-4\/"},"modified":"2019-02-28T15:26:04","modified_gmt":"2019-02-28T12:26:04","slug":"saspraudes-25-mm-tristurveidigas-100-gb","status":"publish","type":"product","link":"https:\/\/ramrolf.lv\/ru\/product\/saspraudes-25-mm-tristurveidigas-100-gb\/","title":{"rendered":"Saspraudes 25 mm tr\u012bst\u016brveid\u012bgas (100 gb)"},"content":{"rendered":"","protected":false},"excerpt":{"rendered":"<p>No augstas kvalit\u0101tes t\u0113rauda. <\/p>\n","protected":false},"featured_media":47454,"template":"","meta":[],"product_cat":[960],"product_tag":[],"_links":{"self":[{"href":"https:\/\/ramrolf.lv\/ru\/wp-json\/wp\/v2\/product\/47461"}],"collection":[{"href":"https:\/\/ramrolf.lv\/ru\/wp-json\/wp\/v2\/product"}],"about":[{"href":"https:\/\/ramrolf.lv\/ru\/wp-json\/wp\/v2\/types\/product"}],"wp:featuredmedia":[{"embeddable":true,"href":"https:\/\/ramrolf.lv\/ru\/wp-json\/wp\/v2\/media\/47454"}],"wp:attachment":[{"href":"https:\/\/ramrolf.lv\/ru\/wp-json\/wp\/v2\/media?parent=47461"}],"wp:term":[{"taxonomy":"product_cat","embeddable":true,"href":"https:\/\/ramrolf.lv\/ru\/wp-json\/wp\/v2\/product_cat?post=47461"},{"taxonomy":"product_tag","embeddable":true,"href":"https:\/\/ramrolf.lv\/ru\/wp-json\/wp\/v2\/product_tag?post=47461"}],"curies":[{"name":"wp","href":"https:\/\/api.w.org\/{rel}","templated":true}]}}