{"id":47482,"date":"2019-02-28T15:58:25","date_gmt":"2019-02-28T12:58:25","guid":{"rendered":"https:\/\/ramrolf.eu\/product\/new-product-4\/"},"modified":"2019-02-28T15:59:56","modified_gmt":"2019-02-28T12:59:56","slug":"caurumotajs-premium-20-lpp-melns","status":"publish","type":"product","link":"https:\/\/ramrolf.lv\/ru\/product\/caurumotajs-premium-20-lpp-melns\/","title":{"rendered":"Caurumot\u0101js PREMIUM 20 lpp, melns"},"content":{"rendered":"","protected":false},"excerpt":{"rendered":"<p>Elegants, ori\u0123in\u0101ls caurumot\u0101js. Lieliska kvalit\u0101te. Korpuss ar gumijas ieliktni. \u0112rts v\u0101ci\u0146\u0161 izt\u012br\u012b\u0161anai. Perfor\u0113 l\u012bdz 20 lap\u0101m. T\u0113rauda pamatne un perfor\u0113\u0161anas meh\u0101nisms.<\/p>\n","protected":false},"featured_media":47483,"template":"","meta":[],"product_cat":[959],"product_tag":[],"_links":{"self":[{"href":"https:\/\/ramrolf.lv\/ru\/wp-json\/wp\/v2\/product\/47482"}],"collection":[{"href":"https:\/\/ramrolf.lv\/ru\/wp-json\/wp\/v2\/product"}],"about":[{"href":"https:\/\/ramrolf.lv\/ru\/wp-json\/wp\/v2\/types\/product"}],"wp:featuredmedia":[{"embeddable":true,"href":"https:\/\/ramrolf.lv\/ru\/wp-json\/wp\/v2\/media\/47483"}],"wp:attachment":[{"href":"https:\/\/ramrolf.lv\/ru\/wp-json\/wp\/v2\/media?parent=47482"}],"wp:term":[{"taxonomy":"product_cat","embeddable":true,"href":"https:\/\/ramrolf.lv\/ru\/wp-json\/wp\/v2\/product_cat?post=47482"},{"taxonomy":"product_tag","embeddable":true,"href":"https:\/\/ramrolf.lv\/ru\/wp-json\/wp\/v2\/product_tag?post=47482"}],"curies":[{"name":"wp","href":"https:\/\/api.w.org\/{rel}","templated":true}]}}