{"id":47488,"date":"2019-02-28T16:03:48","date_gmt":"2019-02-28T13:03:48","guid":{"rendered":"https:\/\/ramrolf.eu\/product\/new-product-4\/"},"modified":"2019-02-28T16:04:42","modified_gmt":"2019-02-28T13:04:42","slug":"caurumotajs-premium-30-lpp-sarkans","status":"publish","type":"product","link":"https:\/\/ramrolf.lv\/ru\/product\/caurumotajs-premium-30-lpp-sarkans\/","title":{"rendered":"Caurumot\u0101js PREMIUM 30 lpp sarkans"},"content":{"rendered":"","protected":false},"excerpt":{"rendered":"<p>Elegants, sol\u012bds dizains apvienojum\u0101 ar iev\u0113r\u012bbas cien\u012bgu jaudu \u2013 30 lap\u0101m. T\u0113rauda pamats un korpusam gumijas ieliktnis \u2013 dro\u0161umam un \u0113rt\u012bbai. \u0112rts v\u0101ci\u0146\u0161 izt\u012br\u012b\u0161anai.<\/p>\n","protected":false},"featured_media":47486,"template":"","meta":[],"product_cat":[959],"product_tag":[],"_links":{"self":[{"href":"https:\/\/ramrolf.lv\/ru\/wp-json\/wp\/v2\/product\/47488"}],"collection":[{"href":"https:\/\/ramrolf.lv\/ru\/wp-json\/wp\/v2\/product"}],"about":[{"href":"https:\/\/ramrolf.lv\/ru\/wp-json\/wp\/v2\/types\/product"}],"wp:featuredmedia":[{"embeddable":true,"href":"https:\/\/ramrolf.lv\/ru\/wp-json\/wp\/v2\/media\/47486"}],"wp:attachment":[{"href":"https:\/\/ramrolf.lv\/ru\/wp-json\/wp\/v2\/media?parent=47488"}],"wp:term":[{"taxonomy":"product_cat","embeddable":true,"href":"https:\/\/ramrolf.lv\/ru\/wp-json\/wp\/v2\/product_cat?post=47488"},{"taxonomy":"product_tag","embeddable":true,"href":"https:\/\/ramrolf.lv\/ru\/wp-json\/wp\/v2\/product_tag?post=47488"}],"curies":[{"name":"wp","href":"https:\/\/api.w.org\/{rel}","templated":true}]}}