{"id":47505,"date":"2019-02-28T17:00:48","date_gmt":"2019-02-28T14:00:48","guid":{"rendered":"https:\/\/ramrolf.eu\/product\/new-product-4\/"},"modified":"2019-02-28T17:01:50","modified_gmt":"2019-02-28T14:01:50","slug":"mini-caurumotajs-eko-10-lpp-sarkans","status":"publish","type":"product","link":"https:\/\/ramrolf.lv\/ru\/product\/mini-caurumotajs-eko-10-lpp-sarkans\/","title":{"rendered":"Mini Caurumot\u0101js EKO 10 lpp sarkans"},"content":{"rendered":"","protected":false},"excerpt":{"rendered":"<p>Kompakts biroja caurumot\u0101js ar gumijas ielikt\u0146iem, t\u0113rauda korpuss. Perfor\u0113 l\u012bdz 10 lap\u0101m.<\/p>\n","protected":false},"featured_media":47503,"template":"","meta":[],"product_cat":[959],"product_tag":[],"_links":{"self":[{"href":"https:\/\/ramrolf.lv\/ru\/wp-json\/wp\/v2\/product\/47505"}],"collection":[{"href":"https:\/\/ramrolf.lv\/ru\/wp-json\/wp\/v2\/product"}],"about":[{"href":"https:\/\/ramrolf.lv\/ru\/wp-json\/wp\/v2\/types\/product"}],"wp:featuredmedia":[{"embeddable":true,"href":"https:\/\/ramrolf.lv\/ru\/wp-json\/wp\/v2\/media\/47503"}],"wp:attachment":[{"href":"https:\/\/ramrolf.lv\/ru\/wp-json\/wp\/v2\/media?parent=47505"}],"wp:term":[{"taxonomy":"product_cat","embeddable":true,"href":"https:\/\/ramrolf.lv\/ru\/wp-json\/wp\/v2\/product_cat?post=47505"},{"taxonomy":"product_tag","embeddable":true,"href":"https:\/\/ramrolf.lv\/ru\/wp-json\/wp\/v2\/product_tag?post=47505"}],"curies":[{"name":"wp","href":"https:\/\/api.w.org\/{rel}","templated":true}]}}