{"id":47528,"date":"2019-02-28T17:39:41","date_gmt":"2019-02-28T14:39:41","guid":{"rendered":"https:\/\/ramrolf.eu\/product\/new-product-4\/"},"modified":"2019-02-28T17:41:15","modified_gmt":"2019-02-28T14:41:15","slug":"caurumotajs-25-lapam-spilgti-zila-krasa","status":"publish","type":"product","link":"https:\/\/ramrolf.lv\/ru\/product\/caurumotajs-25-lapam-spilgti-zila-krasa\/","title":{"rendered":"Caurumot\u0101js 25 lap\u0101m, spilgti zil\u0101 kr\u0101s\u0101"},"content":{"rendered":"","protected":false},"excerpt":{"rendered":"","protected":false},"featured_media":47529,"template":"","meta":[],"product_cat":[959],"product_tag":[],"_links":{"self":[{"href":"https:\/\/ramrolf.lv\/ru\/wp-json\/wp\/v2\/product\/47528"}],"collection":[{"href":"https:\/\/ramrolf.lv\/ru\/wp-json\/wp\/v2\/product"}],"about":[{"href":"https:\/\/ramrolf.lv\/ru\/wp-json\/wp\/v2\/types\/product"}],"wp:featuredmedia":[{"embeddable":true,"href":"https:\/\/ramrolf.lv\/ru\/wp-json\/wp\/v2\/media\/47529"}],"wp:attachment":[{"href":"https:\/\/ramrolf.lv\/ru\/wp-json\/wp\/v2\/media?parent=47528"}],"wp:term":[{"taxonomy":"product_cat","embeddable":true,"href":"https:\/\/ramrolf.lv\/ru\/wp-json\/wp\/v2\/product_cat?post=47528"},{"taxonomy":"product_tag","embeddable":true,"href":"https:\/\/ramrolf.lv\/ru\/wp-json\/wp\/v2\/product_tag?post=47528"}],"curies":[{"name":"wp","href":"https:\/\/api.w.org\/{rel}","templated":true}]}}