{"id":47532,"date":"2019-02-28T17:48:59","date_gmt":"2019-02-28T14:48:59","guid":{"rendered":"https:\/\/ramrolf.eu\/product\/new-product-4\/"},"modified":"2019-02-28T17:51:41","modified_gmt":"2019-02-28T14:51:41","slug":"skavas-nr10-terauda","status":"publish","type":"product","link":"https:\/\/ramrolf.lv\/ru\/product\/skavas-nr10-terauda\/","title":{"rendered":"Skavas Nr10, t\u0113rauda"},"content":{"rendered":"","protected":false},"excerpt":{"rendered":"<p>Katr\u0101 iepakojum\u0101 1000 gab <\/p>\n","protected":false},"featured_media":47533,"template":"","meta":[],"product_cat":[957],"product_tag":[],"_links":{"self":[{"href":"https:\/\/ramrolf.lv\/ru\/wp-json\/wp\/v2\/product\/47532"}],"collection":[{"href":"https:\/\/ramrolf.lv\/ru\/wp-json\/wp\/v2\/product"}],"about":[{"href":"https:\/\/ramrolf.lv\/ru\/wp-json\/wp\/v2\/types\/product"}],"wp:featuredmedia":[{"embeddable":true,"href":"https:\/\/ramrolf.lv\/ru\/wp-json\/wp\/v2\/media\/47533"}],"wp:attachment":[{"href":"https:\/\/ramrolf.lv\/ru\/wp-json\/wp\/v2\/media?parent=47532"}],"wp:term":[{"taxonomy":"product_cat","embeddable":true,"href":"https:\/\/ramrolf.lv\/ru\/wp-json\/wp\/v2\/product_cat?post=47532"},{"taxonomy":"product_tag","embeddable":true,"href":"https:\/\/ramrolf.lv\/ru\/wp-json\/wp\/v2\/product_tag?post=47532"}],"curies":[{"name":"wp","href":"https:\/\/api.w.org\/{rel}","templated":true}]}}