{"id":47535,"date":"2019-02-28T17:53:35","date_gmt":"2019-02-28T14:53:35","guid":{"rendered":"https:\/\/ramrolf.eu\/product\/new-product-4\/"},"modified":"2019-02-28T17:54:38","modified_gmt":"2019-02-28T14:54:38","slug":"skavas-24-6-misina","status":"publish","type":"product","link":"https:\/\/ramrolf.lv\/ru\/product\/skavas-24-6-misina\/","title":{"rendered":"Skavas 24\/6, misi\u0146a"},"content":{"rendered":"","protected":false},"excerpt":{"rendered":"<p>Katr\u0101 iepakojum\u0101 1000 gab.<\/p>\n","protected":false},"featured_media":47533,"template":"","meta":[],"product_cat":[957],"product_tag":[],"_links":{"self":[{"href":"https:\/\/ramrolf.lv\/ru\/wp-json\/wp\/v2\/product\/47535"}],"collection":[{"href":"https:\/\/ramrolf.lv\/ru\/wp-json\/wp\/v2\/product"}],"about":[{"href":"https:\/\/ramrolf.lv\/ru\/wp-json\/wp\/v2\/types\/product"}],"wp:featuredmedia":[{"embeddable":true,"href":"https:\/\/ramrolf.lv\/ru\/wp-json\/wp\/v2\/media\/47533"}],"wp:attachment":[{"href":"https:\/\/ramrolf.lv\/ru\/wp-json\/wp\/v2\/media?parent=47535"}],"wp:term":[{"taxonomy":"product_cat","embeddable":true,"href":"https:\/\/ramrolf.lv\/ru\/wp-json\/wp\/v2\/product_cat?post=47535"},{"taxonomy":"product_tag","embeddable":true,"href":"https:\/\/ramrolf.lv\/ru\/wp-json\/wp\/v2\/product_tag?post=47535"}],"curies":[{"name":"wp","href":"https:\/\/api.w.org\/{rel}","templated":true}]}}