{"id":47540,"date":"2019-02-28T18:00:34","date_gmt":"2019-02-28T15:00:34","guid":{"rendered":"https:\/\/ramrolf.eu\/product\/new-product-4\/"},"modified":"2019-02-28T18:02:00","modified_gmt":"2019-02-28T15:02:00","slug":"skavotajs-premium-s220st-melns","status":"publish","type":"product","link":"https:\/\/ramrolf.lv\/ru\/product\/skavotajs-premium-s220st-melns\/","title":{"rendered":"Skavot\u0101js PREMIUM S220ST, melns"},"content":{"rendered":"","protected":false},"excerpt":{"rendered":"<p>Ori\u0123in\u0101ls dizains. Gumijas ielikt\u0146i uz roktura un pamata nov\u0113r\u0161 pirkstu sl\u012bd\u0113\u0161anu. Dro\u0161s un \u0113rts vid\u0113jas jaudas skavot\u0101js. Divi aizliekuma veidi. Sastiprina l\u012bdz 20 lap\u0101m. J\u0101izmanto skavas 24\/6, 26\/6. Satveres dzi\u013cums 55 mm.<\/p>\n","protected":false},"featured_media":47541,"template":"","meta":[],"product_cat":[956],"product_tag":[],"_links":{"self":[{"href":"https:\/\/ramrolf.lv\/ru\/wp-json\/wp\/v2\/product\/47540"}],"collection":[{"href":"https:\/\/ramrolf.lv\/ru\/wp-json\/wp\/v2\/product"}],"about":[{"href":"https:\/\/ramrolf.lv\/ru\/wp-json\/wp\/v2\/types\/product"}],"wp:featuredmedia":[{"embeddable":true,"href":"https:\/\/ramrolf.lv\/ru\/wp-json\/wp\/v2\/media\/47541"}],"wp:attachment":[{"href":"https:\/\/ramrolf.lv\/ru\/wp-json\/wp\/v2\/media?parent=47540"}],"wp:term":[{"taxonomy":"product_cat","embeddable":true,"href":"https:\/\/ramrolf.lv\/ru\/wp-json\/wp\/v2\/product_cat?post=47540"},{"taxonomy":"product_tag","embeddable":true,"href":"https:\/\/ramrolf.lv\/ru\/wp-json\/wp\/v2\/product_tag?post=47540"}],"curies":[{"name":"wp","href":"https:\/\/api.w.org\/{rel}","templated":true}]}}