{"id":47545,"date":"2019-02-28T18:05:17","date_gmt":"2019-02-28T15:05:17","guid":{"rendered":"https:\/\/ramrolf.eu\/product\/new-product-4\/"},"modified":"2019-02-28T18:08:06","modified_gmt":"2019-02-28T15:08:06","slug":"skavotajs-24-6-eko-s220hs-melns","status":"publish","type":"product","link":"https:\/\/ramrolf.lv\/ru\/product\/skavotajs-24-6-eko-s220hs-melns\/","title":{"rendered":"Skavot\u0101js 24\/6 EKO S220HS, melns"},"content":{"rendered":"","protected":false},"excerpt":{"rendered":"<p>\u201cDarba zirgs\u201d, vienk\u0101r\u0161s dizains. Dro\u0161s korpuss, piespie\u0161anas viet\u0101 kl\u0101ts ar plastmasu. Sastiprina l\u012bdz 20 lap\u0101m. J\u0101izmanto skavas 24\/6, 26\/6. Satveres dzi\u013cums 56 mm.<\/p>\n","protected":false},"featured_media":47546,"template":"","meta":[],"product_cat":[956],"product_tag":[],"_links":{"self":[{"href":"https:\/\/ramrolf.lv\/ru\/wp-json\/wp\/v2\/product\/47545"}],"collection":[{"href":"https:\/\/ramrolf.lv\/ru\/wp-json\/wp\/v2\/product"}],"about":[{"href":"https:\/\/ramrolf.lv\/ru\/wp-json\/wp\/v2\/types\/product"}],"wp:featuredmedia":[{"embeddable":true,"href":"https:\/\/ramrolf.lv\/ru\/wp-json\/wp\/v2\/media\/47546"}],"wp:attachment":[{"href":"https:\/\/ramrolf.lv\/ru\/wp-json\/wp\/v2\/media?parent=47545"}],"wp:term":[{"taxonomy":"product_cat","embeddable":true,"href":"https:\/\/ramrolf.lv\/ru\/wp-json\/wp\/v2\/product_cat?post=47545"},{"taxonomy":"product_tag","embeddable":true,"href":"https:\/\/ramrolf.lv\/ru\/wp-json\/wp\/v2\/product_tag?post=47545"}],"curies":[{"name":"wp","href":"https:\/\/api.w.org\/{rel}","templated":true}]}}