{"id":47553,"date":"2019-02-28T18:14:16","date_gmt":"2019-02-28T15:14:16","guid":{"rendered":"https:\/\/ramrolf.eu\/product\/new-product-4\/"},"modified":"2019-02-28T18:15:30","modified_gmt":"2019-02-28T15:15:30","slug":"skavotajs-15-lpp-peleks","status":"publish","type":"product","link":"https:\/\/ramrolf.lv\/ru\/product\/skavotajs-15-lpp-peleks\/","title":{"rendered":"Skavot\u0101js 15 lpp, pel\u0113ks"},"content":{"rendered":"","protected":false},"excerpt":{"rendered":"<p>Lielisks, dro\u0161s vid\u0113jas jaudas skavot\u0101js ar satveres dzi\u013cumu 6 cm. Iztur\u012bgs met\u0101la korpuss ar plastmasas apdari un pastiprin\u0101tu pamatu. Sastiprina l\u012bdz 15 lap\u0101m. J\u0101izmanto skavas 24\/6, 26\/6. Satveres dzi\u013cums 62 mm.<\/p>\n","protected":false},"featured_media":47552,"template":"","meta":[],"product_cat":[956],"product_tag":[],"_links":{"self":[{"href":"https:\/\/ramrolf.lv\/ru\/wp-json\/wp\/v2\/product\/47553"}],"collection":[{"href":"https:\/\/ramrolf.lv\/ru\/wp-json\/wp\/v2\/product"}],"about":[{"href":"https:\/\/ramrolf.lv\/ru\/wp-json\/wp\/v2\/types\/product"}],"wp:featuredmedia":[{"embeddable":true,"href":"https:\/\/ramrolf.lv\/ru\/wp-json\/wp\/v2\/media\/47552"}],"wp:attachment":[{"href":"https:\/\/ramrolf.lv\/ru\/wp-json\/wp\/v2\/media?parent=47553"}],"wp:term":[{"taxonomy":"product_cat","embeddable":true,"href":"https:\/\/ramrolf.lv\/ru\/wp-json\/wp\/v2\/product_cat?post=47553"},{"taxonomy":"product_tag","embeddable":true,"href":"https:\/\/ramrolf.lv\/ru\/wp-json\/wp\/v2\/product_tag?post=47553"}],"curies":[{"name":"wp","href":"https:\/\/api.w.org\/{rel}","templated":true}]}}