{"id":47559,"date":"2019-02-28T18:21:06","date_gmt":"2019-02-28T15:21:06","guid":{"rendered":"https:\/\/ramrolf.eu\/product\/new-product-4\/"},"modified":"2019-02-28T18:22:10","modified_gmt":"2019-02-28T15:22:10","slug":"skavotajs-nr10-eko-s112-sarkans","status":"publish","type":"product","link":"https:\/\/ramrolf.lv\/ru\/product\/skavotajs-nr10-eko-s112-sarkans\/","title":{"rendered":"Skavot\u0101js Nr10 EKO S112, sarkans"},"content":{"rendered":"","protected":false},"excerpt":{"rendered":"<p>\u0112rts, miniat\u016brs biroja skavot\u0101js ar noapa\u013cot\u0101m form\u0101m. Atverams 180\u00ba le\u0146\u0137\u012b, t\u0101d\u0113j\u0101di ir iesp\u0113jams piestiprin\u0101t dokumentus pie biroja t\u0101feles. Apr\u012bkots ar plastmasas l\u0101psti\u0146u skavu no\u0146em\u0161anai. Sastiprina l\u012bdz 12 lap\u0101m. J\u0101izmanto skavas N10. Satveres dzi\u013cums 55 mm.<\/p>\n","protected":false},"featured_media":47557,"template":"","meta":[],"product_cat":[956],"product_tag":[],"_links":{"self":[{"href":"https:\/\/ramrolf.lv\/ru\/wp-json\/wp\/v2\/product\/47559"}],"collection":[{"href":"https:\/\/ramrolf.lv\/ru\/wp-json\/wp\/v2\/product"}],"about":[{"href":"https:\/\/ramrolf.lv\/ru\/wp-json\/wp\/v2\/types\/product"}],"wp:featuredmedia":[{"embeddable":true,"href":"https:\/\/ramrolf.lv\/ru\/wp-json\/wp\/v2\/media\/47557"}],"wp:attachment":[{"href":"https:\/\/ramrolf.lv\/ru\/wp-json\/wp\/v2\/media?parent=47559"}],"wp:term":[{"taxonomy":"product_cat","embeddable":true,"href":"https:\/\/ramrolf.lv\/ru\/wp-json\/wp\/v2\/product_cat?post=47559"},{"taxonomy":"product_tag","embeddable":true,"href":"https:\/\/ramrolf.lv\/ru\/wp-json\/wp\/v2\/product_tag?post=47559"}],"curies":[{"name":"wp","href":"https:\/\/api.w.org\/{rel}","templated":true}]}}