{"id":47570,"date":"2019-02-28T18:33:04","date_gmt":"2019-02-28T15:33:04","guid":{"rendered":"https:\/\/ramrolf.eu\/product\/new-product-4\/"},"modified":"2019-02-28T18:34:03","modified_gmt":"2019-02-28T15:34:03","slug":"skavotajs-mini-12-lpp-zala-krasa","status":"publish","type":"product","link":"https:\/\/ramrolf.lv\/ru\/product\/skavotajs-mini-12-lpp-zala-krasa\/","title":{"rendered":"Skavot\u0101js MINI 12 lpp, za\u013c\u0101 kr\u0101s\u0101"},"content":{"rendered":"","protected":false},"excerpt":{"rendered":"","protected":false},"featured_media":47571,"template":"","meta":[],"product_cat":[956],"product_tag":[],"_links":{"self":[{"href":"https:\/\/ramrolf.lv\/ru\/wp-json\/wp\/v2\/product\/47570"}],"collection":[{"href":"https:\/\/ramrolf.lv\/ru\/wp-json\/wp\/v2\/product"}],"about":[{"href":"https:\/\/ramrolf.lv\/ru\/wp-json\/wp\/v2\/types\/product"}],"wp:featuredmedia":[{"embeddable":true,"href":"https:\/\/ramrolf.lv\/ru\/wp-json\/wp\/v2\/media\/47571"}],"wp:attachment":[{"href":"https:\/\/ramrolf.lv\/ru\/wp-json\/wp\/v2\/media?parent=47570"}],"wp:term":[{"taxonomy":"product_cat","embeddable":true,"href":"https:\/\/ramrolf.lv\/ru\/wp-json\/wp\/v2\/product_cat?post=47570"},{"taxonomy":"product_tag","embeddable":true,"href":"https:\/\/ramrolf.lv\/ru\/wp-json\/wp\/v2\/product_tag?post=47570"}],"curies":[{"name":"wp","href":"https:\/\/api.w.org\/{rel}","templated":true}]}}