{"id":47582,"date":"2019-02-28T18:43:09","date_gmt":"2019-02-28T15:43:09","guid":{"rendered":"https:\/\/ramrolf.eu\/product\/new-product-4\/"},"modified":"2019-02-28T18:44:23","modified_gmt":"2019-02-28T15:44:23","slug":"skavotajs-easyrun-20-lapam-zils","status":"publish","type":"product","link":"https:\/\/ramrolf.lv\/ru\/product\/skavotajs-easyrun-20-lapam-zils\/","title":{"rendered":"Skavot\u0101js EASYRUN 20 lap\u0101m zils"},"content":{"rendered":"","protected":false},"excerpt":{"rendered":"<p>Der ar skav\u0101m 24\/6 , 26\/6 <\/p>\n","protected":false},"featured_media":47581,"template":"","meta":[],"product_cat":[956],"product_tag":[],"_links":{"self":[{"href":"https:\/\/ramrolf.lv\/ru\/wp-json\/wp\/v2\/product\/47582"}],"collection":[{"href":"https:\/\/ramrolf.lv\/ru\/wp-json\/wp\/v2\/product"}],"about":[{"href":"https:\/\/ramrolf.lv\/ru\/wp-json\/wp\/v2\/types\/product"}],"wp:featuredmedia":[{"embeddable":true,"href":"https:\/\/ramrolf.lv\/ru\/wp-json\/wp\/v2\/media\/47581"}],"wp:attachment":[{"href":"https:\/\/ramrolf.lv\/ru\/wp-json\/wp\/v2\/media?parent=47582"}],"wp:term":[{"taxonomy":"product_cat","embeddable":true,"href":"https:\/\/ramrolf.lv\/ru\/wp-json\/wp\/v2\/product_cat?post=47582"},{"taxonomy":"product_tag","embeddable":true,"href":"https:\/\/ramrolf.lv\/ru\/wp-json\/wp\/v2\/product_tag?post=47582"}],"curies":[{"name":"wp","href":"https:\/\/api.w.org\/{rel}","templated":true}]}}