{"id":47596,"date":"2019-03-01T12:15:43","date_gmt":"2019-03-01T09:15:43","guid":{"rendered":"https:\/\/ramrolf.eu\/product\/new-product-4\/"},"modified":"2019-03-01T12:16:28","modified_gmt":"2019-03-01T09:16:28","slug":"sadalitajs-dokumentiem-forpus-1-12-plastikata-a4","status":"publish","type":"product","link":"https:\/\/ramrolf.lv\/ru\/product\/sadalitajs-dokumentiem-forpus-1-12-plastikata-a4\/","title":{"rendered":"Sadal\u012bt\u0101js dokumentiem FORPUS 1-12 plastik\u0101ta A4"},"content":{"rendered":"","protected":false},"excerpt":{"rendered":"","protected":false},"featured_media":47593,"template":"","meta":[],"product_cat":[943],"product_tag":[],"_links":{"self":[{"href":"https:\/\/ramrolf.lv\/ru\/wp-json\/wp\/v2\/product\/47596"}],"collection":[{"href":"https:\/\/ramrolf.lv\/ru\/wp-json\/wp\/v2\/product"}],"about":[{"href":"https:\/\/ramrolf.lv\/ru\/wp-json\/wp\/v2\/types\/product"}],"wp:featuredmedia":[{"embeddable":true,"href":"https:\/\/ramrolf.lv\/ru\/wp-json\/wp\/v2\/media\/47593"}],"wp:attachment":[{"href":"https:\/\/ramrolf.lv\/ru\/wp-json\/wp\/v2\/media?parent=47596"}],"wp:term":[{"taxonomy":"product_cat","embeddable":true,"href":"https:\/\/ramrolf.lv\/ru\/wp-json\/wp\/v2\/product_cat?post=47596"},{"taxonomy":"product_tag","embeddable":true,"href":"https:\/\/ramrolf.lv\/ru\/wp-json\/wp\/v2\/product_tag?post=47596"}],"curies":[{"name":"wp","href":"https:\/\/api.w.org\/{rel}","templated":true}]}}