{"id":47615,"date":"2019-03-01T13:00:08","date_gmt":"2019-03-01T10:00:08","guid":{"rendered":"https:\/\/ramrolf.eu\/product\/new-product-4\/"},"modified":"2019-03-04T14:32:20","modified_gmt":"2019-03-04T11:32:20","slug":"sadalitajs-dokumentiem-forpus-jan-dec-polipropilena-maxi-245x297-mm-a4","status":"publish","type":"product","link":"https:\/\/ramrolf.lv\/ru\/product\/sadalitajs-dokumentiem-forpus-jan-dec-polipropilena-maxi-245x297-mm-a4\/","title":{"rendered":"Sadal\u012bt\u0101js dokumentiem FORPUS Jan.-Dec. polipropil\u0113na MAXI 245\u00d7297 mm A4+"},"content":{"rendered":"","protected":false},"excerpt":{"rendered":"","protected":false},"featured_media":47593,"template":"","meta":[],"product_cat":[943],"product_tag":[],"_links":{"self":[{"href":"https:\/\/ramrolf.lv\/ru\/wp-json\/wp\/v2\/product\/47615"}],"collection":[{"href":"https:\/\/ramrolf.lv\/ru\/wp-json\/wp\/v2\/product"}],"about":[{"href":"https:\/\/ramrolf.lv\/ru\/wp-json\/wp\/v2\/types\/product"}],"wp:featuredmedia":[{"embeddable":true,"href":"https:\/\/ramrolf.lv\/ru\/wp-json\/wp\/v2\/media\/47593"}],"wp:attachment":[{"href":"https:\/\/ramrolf.lv\/ru\/wp-json\/wp\/v2\/media?parent=47615"}],"wp:term":[{"taxonomy":"product_cat","embeddable":true,"href":"https:\/\/ramrolf.lv\/ru\/wp-json\/wp\/v2\/product_cat?post=47615"},{"taxonomy":"product_tag","embeddable":true,"href":"https:\/\/ramrolf.lv\/ru\/wp-json\/wp\/v2\/product_tag?post=47615"}],"curies":[{"name":"wp","href":"https:\/\/api.w.org\/{rel}","templated":true}]}}