{"id":47623,"date":"2019-03-01T13:09:19","date_gmt":"2019-03-01T10:09:19","guid":{"rendered":"https:\/\/ramrolf.eu\/product\/new-product-4\/"},"modified":"2019-03-01T13:09:59","modified_gmt":"2019-03-01T10:09:59","slug":"dokumentu-atdalitajs-kartona-10-5-x-24-cm-zals","status":"publish","type":"product","link":"https:\/\/ramrolf.lv\/ru\/product\/dokumentu-atdalitajs-kartona-10-5-x-24-cm-zals\/","title":{"rendered":"Dokumentu atdal\u012bt\u0101js kartona, 10.5 x 24 cm, za\u013c\u0161"},"content":{"rendered":"","protected":false},"excerpt":{"rendered":"","protected":false},"featured_media":47622,"template":"","meta":[],"product_cat":[943],"product_tag":[],"_links":{"self":[{"href":"https:\/\/ramrolf.lv\/ru\/wp-json\/wp\/v2\/product\/47623"}],"collection":[{"href":"https:\/\/ramrolf.lv\/ru\/wp-json\/wp\/v2\/product"}],"about":[{"href":"https:\/\/ramrolf.lv\/ru\/wp-json\/wp\/v2\/types\/product"}],"wp:featuredmedia":[{"embeddable":true,"href":"https:\/\/ramrolf.lv\/ru\/wp-json\/wp\/v2\/media\/47622"}],"wp:attachment":[{"href":"https:\/\/ramrolf.lv\/ru\/wp-json\/wp\/v2\/media?parent=47623"}],"wp:term":[{"taxonomy":"product_cat","embeddable":true,"href":"https:\/\/ramrolf.lv\/ru\/wp-json\/wp\/v2\/product_cat?post=47623"},{"taxonomy":"product_tag","embeddable":true,"href":"https:\/\/ramrolf.lv\/ru\/wp-json\/wp\/v2\/product_tag?post=47623"}],"curies":[{"name":"wp","href":"https:\/\/api.w.org\/{rel}","templated":true}]}}