{"id":47694,"date":"2019-03-06T12:22:17","date_gmt":"2019-03-06T09:22:17","guid":{"rendered":"https:\/\/ramrolf.eu\/product\/new-product-4\/"},"modified":"2019-03-06T12:27:29","modified_gmt":"2019-03-06T09:27:29","slug":"galda-organizators-melns-2","status":"publish","type":"product","link":"https:\/\/ramrolf.lv\/ru\/product\/galda-organizators-melns-2\/","title":{"rendered":"Galda organiz\u0101tors , melns"},"content":{"rendered":"","protected":false},"excerpt":{"rendered":"<p>Satur 9 da\u017e\u0101dus kancelejas priek\u0161metus, kop\u0113jais priek\u0161metu skaits 11(\u0161\u0137\u0113res, pap\u012bra nazis, saspraudes, skavas Nr.10, skavot\u0101js, dz\u0113\u0161gumija, 2 gab.HB z\u012bmu\u013ci neuzasin\u0101ti, 2 gab. lod\u012b\u0161u pildspalvas zilas, line\u0101ls 20 cm) <\/p>\n","protected":false},"featured_media":47697,"template":"","meta":[],"product_cat":[966],"product_tag":[],"_links":{"self":[{"href":"https:\/\/ramrolf.lv\/ru\/wp-json\/wp\/v2\/product\/47694"}],"collection":[{"href":"https:\/\/ramrolf.lv\/ru\/wp-json\/wp\/v2\/product"}],"about":[{"href":"https:\/\/ramrolf.lv\/ru\/wp-json\/wp\/v2\/types\/product"}],"wp:featuredmedia":[{"embeddable":true,"href":"https:\/\/ramrolf.lv\/ru\/wp-json\/wp\/v2\/media\/47697"}],"wp:attachment":[{"href":"https:\/\/ramrolf.lv\/ru\/wp-json\/wp\/v2\/media?parent=47694"}],"wp:term":[{"taxonomy":"product_cat","embeddable":true,"href":"https:\/\/ramrolf.lv\/ru\/wp-json\/wp\/v2\/product_cat?post=47694"},{"taxonomy":"product_tag","embeddable":true,"href":"https:\/\/ramrolf.lv\/ru\/wp-json\/wp\/v2\/product_tag?post=47694"}],"curies":[{"name":"wp","href":"https:\/\/api.w.org\/{rel}","templated":true}]}}