{"id":47721,"date":"2019-03-06T13:31:30","date_gmt":"2019-03-06T10:31:30","guid":{"rendered":"https:\/\/ramrolf.eu\/product\/new-product-4\/"},"modified":"2019-03-06T13:32:48","modified_gmt":"2019-03-06T10:32:48","slug":"galda-vizitkarsu-turetajs-caurspidigs","status":"publish","type":"product","link":"https:\/\/ramrolf.lv\/ru\/product\/galda-vizitkarsu-turetajs-caurspidigs\/","title":{"rendered":"Galda viz\u012btkar\u0161u tur\u0113t\u0101js, caursp\u012bd\u012bgs"},"content":{"rendered":"","protected":false},"excerpt":{"rendered":"","protected":false},"featured_media":47722,"template":"","meta":[],"product_cat":[967],"product_tag":[],"_links":{"self":[{"href":"https:\/\/ramrolf.lv\/ru\/wp-json\/wp\/v2\/product\/47721"}],"collection":[{"href":"https:\/\/ramrolf.lv\/ru\/wp-json\/wp\/v2\/product"}],"about":[{"href":"https:\/\/ramrolf.lv\/ru\/wp-json\/wp\/v2\/types\/product"}],"wp:featuredmedia":[{"embeddable":true,"href":"https:\/\/ramrolf.lv\/ru\/wp-json\/wp\/v2\/media\/47722"}],"wp:attachment":[{"href":"https:\/\/ramrolf.lv\/ru\/wp-json\/wp\/v2\/media?parent=47721"}],"wp:term":[{"taxonomy":"product_cat","embeddable":true,"href":"https:\/\/ramrolf.lv\/ru\/wp-json\/wp\/v2\/product_cat?post=47721"},{"taxonomy":"product_tag","embeddable":true,"href":"https:\/\/ramrolf.lv\/ru\/wp-json\/wp\/v2\/product_tag?post=47721"}],"curies":[{"name":"wp","href":"https:\/\/api.w.org\/{rel}","templated":true}]}}