{"id":47750,"date":"2019-03-18T17:07:32","date_gmt":"2019-03-18T14:07:32","guid":{"rendered":"https:\/\/ramrolf.eu\/product\/new-product-4\/"},"modified":"2019-03-20T11:23:15","modified_gmt":"2019-03-20T08:23:15","slug":"bokss-dokumentiem-ar-3-nodalijumiem-a4-sudraba-krasa","status":"publish","type":"product","link":"https:\/\/ramrolf.lv\/ru\/product\/bokss-dokumentiem-ar-3-nodalijumiem-a4-sudraba-krasa\/","title":{"rendered":"Bokss dokumentiem ar 3 nodal\u012bjumiem, A4, sudraba kr\u0101s\u0101"},"content":{"rendered":"","protected":false},"excerpt":{"rendered":"","protected":false},"featured_media":47849,"template":"","meta":[],"product_cat":[965],"product_tag":[],"_links":{"self":[{"href":"https:\/\/ramrolf.lv\/ru\/wp-json\/wp\/v2\/product\/47750"}],"collection":[{"href":"https:\/\/ramrolf.lv\/ru\/wp-json\/wp\/v2\/product"}],"about":[{"href":"https:\/\/ramrolf.lv\/ru\/wp-json\/wp\/v2\/types\/product"}],"wp:featuredmedia":[{"embeddable":true,"href":"https:\/\/ramrolf.lv\/ru\/wp-json\/wp\/v2\/media\/47849"}],"wp:attachment":[{"href":"https:\/\/ramrolf.lv\/ru\/wp-json\/wp\/v2\/media?parent=47750"}],"wp:term":[{"taxonomy":"product_cat","embeddable":true,"href":"https:\/\/ramrolf.lv\/ru\/wp-json\/wp\/v2\/product_cat?post=47750"},{"taxonomy":"product_tag","embeddable":true,"href":"https:\/\/ramrolf.lv\/ru\/wp-json\/wp\/v2\/product_tag?post=47750"}],"curies":[{"name":"wp","href":"https:\/\/api.w.org\/{rel}","templated":true}]}}