{"id":47755,"date":"2019-03-18T17:13:58","date_gmt":"2019-03-18T14:13:58","guid":{"rendered":"https:\/\/ramrolf.eu\/product\/new-product-4\/"},"modified":"2019-03-20T13:38:02","modified_gmt":"2019-03-20T10:38:02","slug":"vestulu-turetajs-16-x-8-x-10-cm-melns","status":"publish","type":"product","link":"https:\/\/ramrolf.lv\/ru\/product\/vestulu-turetajs-16-x-8-x-10-cm-melns\/","title":{"rendered":"V\u0113stu\u013cu tur\u0113t\u0101js, 16 x 8 x 10 cm, melns"},"content":{"rendered":"","protected":false},"excerpt":{"rendered":"","protected":false},"featured_media":47898,"template":"","meta":[],"product_cat":[967],"product_tag":[],"_links":{"self":[{"href":"https:\/\/ramrolf.lv\/ru\/wp-json\/wp\/v2\/product\/47755"}],"collection":[{"href":"https:\/\/ramrolf.lv\/ru\/wp-json\/wp\/v2\/product"}],"about":[{"href":"https:\/\/ramrolf.lv\/ru\/wp-json\/wp\/v2\/types\/product"}],"wp:featuredmedia":[{"embeddable":true,"href":"https:\/\/ramrolf.lv\/ru\/wp-json\/wp\/v2\/media\/47898"}],"wp:attachment":[{"href":"https:\/\/ramrolf.lv\/ru\/wp-json\/wp\/v2\/media?parent=47755"}],"wp:term":[{"taxonomy":"product_cat","embeddable":true,"href":"https:\/\/ramrolf.lv\/ru\/wp-json\/wp\/v2\/product_cat?post=47755"},{"taxonomy":"product_tag","embeddable":true,"href":"https:\/\/ramrolf.lv\/ru\/wp-json\/wp\/v2\/product_tag?post=47755"}],"curies":[{"name":"wp","href":"https:\/\/api.w.org\/{rel}","templated":true}]}}